{"id":4878,"date":"2025-02-04T08:57:19","date_gmt":"2025-02-04T08:57:19","guid":{"rendered":"https:\/\/benanna.ch\/?post_type=product&#038;p=4878"},"modified":"2026-04-20T10:02:36","modified_gmt":"2026-04-20T10:02:36","slug":"bath-salt-rose","status":"publish","type":"product","link":"https:\/\/benanna.ch\/fr\/produkt\/bath-salt-rose\/","title":{"rendered":"Bath Salt Rose"},"content":{"rendered":"<p>Apr\u00e8s une journ\u00e9e fatigante, plonger dans des p\u00e9tales de rose et savourer la douce fra\u00eecheur de la fleur.<\/p>\n<p>Les huiles essentielles des p\u00e9tales de rose ont un effet positif sur le psychisme. Un bain aux p\u00e9tales de rose a un effet antid\u00e9presseur et augmente le bien-\u00eatre physique et psychique.<\/p>\n<p> Les min\u00e9raux contenus dans le sel marin, comme le magn\u00e9sium et le calcium, d\u00e9tendent les muscles et apaisent les tensions. <\/p>\n<p>Le point fort : les sels de bain Ben &#038; Anna moussent merveilleusement bien gr\u00e2ce \u00e0 l&rsquo;ingr\u00e9dient Sodium Coco-Sulfate.<\/p>","protected":false},"excerpt":{"rendered":"<p>Apr\u00e8s une journ\u00e9e fatigante, plonger dans des p\u00e9tales de rose et savourer la douce fra\u00eecheur de la fleur. Les huiles essentielles des p\u00e9tales de rose ont un effet positif sur le psychisme. Un bain aux p\u00e9tales de rose a un effet antid\u00e9presseur et augmente le bien-\u00eatre physique et psychique. Les min\u00e9raux contenus dans le sel [&hellip;]<\/p>\n","protected":false},"featured_media":4899,"comment_status":"open","ping_status":"closed","template":"","meta":{"_acf_changed":false},"product_brand":[],"product_cat":[15],"product_tag":[],"class_list":{"0":"post-4878","1":"product","2":"type-product","3":"status-publish","4":"has-post-thumbnail","6":"product_cat-uncategorized","8":"first","9":"instock","10":"taxable","11":"shipping-taxable","12":"purchasable","13":"product-type-simple"},"acf":[],"_links":{"self":[{"href":"https:\/\/benanna.ch\/fr\/wp-json\/wp\/v2\/product\/4878","targetHints":{"allow":["GET"]}}],"collection":[{"href":"https:\/\/benanna.ch\/fr\/wp-json\/wp\/v2\/product"}],"about":[{"href":"https:\/\/benanna.ch\/fr\/wp-json\/wp\/v2\/types\/product"}],"replies":[{"embeddable":true,"href":"https:\/\/benanna.ch\/fr\/wp-json\/wp\/v2\/comments?post=4878"}],"wp:featuredmedia":[{"embeddable":true,"href":"https:\/\/benanna.ch\/fr\/wp-json\/wp\/v2\/media\/4899"}],"wp:attachment":[{"href":"https:\/\/benanna.ch\/fr\/wp-json\/wp\/v2\/media?parent=4878"}],"wp:term":[{"taxonomy":"product_brand","embeddable":true,"href":"https:\/\/benanna.ch\/fr\/wp-json\/wp\/v2\/product_brand?post=4878"},{"taxonomy":"product_cat","embeddable":true,"href":"https:\/\/benanna.ch\/fr\/wp-json\/wp\/v2\/product_cat?post=4878"},{"taxonomy":"product_tag","embeddable":true,"href":"https:\/\/benanna.ch\/fr\/wp-json\/wp\/v2\/product_tag?post=4878"}],"curies":[{"name":"wp","href":"https:\/\/api.w.org\/{rel}","templated":true}]}}