{"id":4877,"date":"2025-02-04T08:56:33","date_gmt":"2025-02-04T08:56:33","guid":{"rendered":"https:\/\/benanna.ch\/?post_type=product&#038;p=4877"},"modified":"2026-04-20T10:02:36","modified_gmt":"2026-04-20T10:02:36","slug":"bath-salt-lavender","status":"publish","type":"product","link":"https:\/\/benanna.ch\/fr\/produkt\/bath-salt-lavender\/","title":{"rendered":"Bath Salt Lavender"},"content":{"rendered":"<p>C&rsquo;est le parfum bienfaisant des champs de lavande fra\u00eeche qui te plonge dans un \u00e9tat de pure d\u00e9tente et te permet de recharger tes batteries&#8230;<\/p>\n<p>La lavande est un rem\u00e8de naturel contre l&rsquo;agitation int\u00e9rieure et le stress. En cas de stress, notre corps produit davantage d&rsquo;hormone cortisol. Il suffit d&rsquo;un bain de cinq minutes au parfum de lavande pour que la concentration de cortisol diminue \u00e0 nouveau.<\/p>\n<p>Les min\u00e9raux contenus dans le sel marin, comme le magn\u00e9sium et le calcium, d\u00e9tendent les muscles et apaisent les tensions.<\/p>\n<p>Le point fort : les sels de bain Ben &#038; Anna moussent merveilleusement bien gr\u00e2ce \u00e0 l&rsquo;ingr\u00e9dient Sodium Coco-Sulfate.<\/p>","protected":false},"excerpt":{"rendered":"<p>C&rsquo;est le parfum bienfaisant des champs de lavande fra\u00eeche qui te plonge dans un \u00e9tat de pure d\u00e9tente et te permet de recharger tes batteries&#8230; La lavande est un rem\u00e8de naturel contre l&rsquo;agitation int\u00e9rieure et le stress. En cas de stress, notre corps produit davantage d&rsquo;hormone cortisol. Il suffit d&rsquo;un bain de cinq minutes au [&hellip;]<\/p>\n","protected":false},"featured_media":4900,"comment_status":"open","ping_status":"closed","template":"","meta":{"_acf_changed":false},"product_brand":[],"product_cat":[15],"product_tag":[],"class_list":{"0":"post-4877","1":"product","2":"type-product","3":"status-publish","4":"has-post-thumbnail","6":"product_cat-uncategorized","8":"first","9":"instock","10":"taxable","11":"shipping-taxable","12":"purchasable","13":"product-type-simple"},"acf":[],"_links":{"self":[{"href":"https:\/\/benanna.ch\/fr\/wp-json\/wp\/v2\/product\/4877","targetHints":{"allow":["GET"]}}],"collection":[{"href":"https:\/\/benanna.ch\/fr\/wp-json\/wp\/v2\/product"}],"about":[{"href":"https:\/\/benanna.ch\/fr\/wp-json\/wp\/v2\/types\/product"}],"replies":[{"embeddable":true,"href":"https:\/\/benanna.ch\/fr\/wp-json\/wp\/v2\/comments?post=4877"}],"wp:featuredmedia":[{"embeddable":true,"href":"https:\/\/benanna.ch\/fr\/wp-json\/wp\/v2\/media\/4900"}],"wp:attachment":[{"href":"https:\/\/benanna.ch\/fr\/wp-json\/wp\/v2\/media?parent=4877"}],"wp:term":[{"taxonomy":"product_brand","embeddable":true,"href":"https:\/\/benanna.ch\/fr\/wp-json\/wp\/v2\/product_brand?post=4877"},{"taxonomy":"product_cat","embeddable":true,"href":"https:\/\/benanna.ch\/fr\/wp-json\/wp\/v2\/product_cat?post=4877"},{"taxonomy":"product_tag","embeddable":true,"href":"https:\/\/benanna.ch\/fr\/wp-json\/wp\/v2\/product_tag?post=4877"}],"curies":[{"name":"wp","href":"https:\/\/api.w.org\/{rel}","templated":true}]}}