{"id":4876,"date":"2025-02-04T08:55:30","date_gmt":"2025-02-04T08:55:30","guid":{"rendered":"https:\/\/benanna.ch\/?post_type=product&#038;p=4876"},"modified":"2026-04-20T10:02:36","modified_gmt":"2026-04-20T10:02:36","slug":"bath-salt-corn-flower","status":"publish","type":"product","link":"https:\/\/benanna.ch\/fr\/produkt\/bath-salt-corn-flower\/","title":{"rendered":"Bath Salt Corn Flower"},"content":{"rendered":"<p>Le parfum du bleuet enchante avec une note douce, l\u00e9g\u00e8rement sal\u00e9e, qui flotte doucement dans l&rsquo;air et cr\u00e9e une atmosph\u00e8re harmonieuse dans la salle de bains.<\/p>\n<p>Le bleuet a un effet anti-inflammatoire, apaisant et hydratant. Pour les peaux s\u00e8ches, sensibles et rougies.<\/p>\n<p>Les min\u00e9raux contenus dans le sel marin, comme le magn\u00e9sium et le calcium, d\u00e9tendent les muscles et apaisent les tensions. <\/p>\n<p>Le point fort : les sels de bain Ben &#038; Anna moussent merveilleusement bien gr\u00e2ce \u00e0 l&rsquo;ingr\u00e9dient Sodium Coco-Sulfate.<\/p>","protected":false},"excerpt":{"rendered":"<p>Le parfum du bleuet enchante avec une note douce, l\u00e9g\u00e8rement sal\u00e9e, qui flotte doucement dans l&rsquo;air et cr\u00e9e une atmosph\u00e8re harmonieuse dans la salle de bains. Le bleuet a un effet anti-inflammatoire, apaisant et hydratant. Pour les peaux s\u00e8ches, sensibles et rougies. Les min\u00e9raux contenus dans le sel marin, comme le magn\u00e9sium et le calcium, [&hellip;]<\/p>\n","protected":false},"featured_media":4901,"comment_status":"open","ping_status":"closed","template":"","meta":{"_acf_changed":false},"product_brand":[],"product_cat":[15],"product_tag":[],"class_list":{"0":"post-4876","1":"product","2":"type-product","3":"status-publish","4":"has-post-thumbnail","6":"product_cat-uncategorized","8":"first","9":"instock","10":"taxable","11":"shipping-taxable","12":"purchasable","13":"product-type-simple"},"acf":[],"_links":{"self":[{"href":"https:\/\/benanna.ch\/fr\/wp-json\/wp\/v2\/product\/4876","targetHints":{"allow":["GET"]}}],"collection":[{"href":"https:\/\/benanna.ch\/fr\/wp-json\/wp\/v2\/product"}],"about":[{"href":"https:\/\/benanna.ch\/fr\/wp-json\/wp\/v2\/types\/product"}],"replies":[{"embeddable":true,"href":"https:\/\/benanna.ch\/fr\/wp-json\/wp\/v2\/comments?post=4876"}],"wp:featuredmedia":[{"embeddable":true,"href":"https:\/\/benanna.ch\/fr\/wp-json\/wp\/v2\/media\/4901"}],"wp:attachment":[{"href":"https:\/\/benanna.ch\/fr\/wp-json\/wp\/v2\/media?parent=4876"}],"wp:term":[{"taxonomy":"product_brand","embeddable":true,"href":"https:\/\/benanna.ch\/fr\/wp-json\/wp\/v2\/product_brand?post=4876"},{"taxonomy":"product_cat","embeddable":true,"href":"https:\/\/benanna.ch\/fr\/wp-json\/wp\/v2\/product_cat?post=4876"},{"taxonomy":"product_tag","embeddable":true,"href":"https:\/\/benanna.ch\/fr\/wp-json\/wp\/v2\/product_tag?post=4876"}],"curies":[{"name":"wp","href":"https:\/\/api.w.org\/{rel}","templated":true}]}}