{"id":4712,"date":"2024-07-17T09:23:16","date_gmt":"2024-07-17T09:23:16","guid":{"rendered":"https:\/\/benanna.ch\/?post_type=product&#038;p=4712"},"modified":"2026-04-28T18:00:47","modified_gmt":"2026-04-28T18:00:47","slug":"persian-lime-travel-25gr","status":"publish","type":"product","link":"https:\/\/benanna.ch\/fr\/produkt\/persian-lime-travel-25gr\/","title":{"rendered":"PERSIAN LIME &#8211; Travel 25gr"},"content":{"rendered":"<p><\/p>\n<p>Emm\u00e8ne-moi en voyage !<\/p>\n<p>C&rsquo;est enfin le moment de repartir ! Nous faisons nos valises et partons pour de nouvelles aventures&#8230; Pour que nos aisselles restent toujours s\u00e8ches et parfum\u00e9es, le d\u00e9odorant Persian Lime doit \u00eatre notre fid\u00e8le compagnon dans notre bagage \u00e0 main &#8211; car le stick d\u00e9odorant au parfum oriental et floral existe d\u00e9sormais aussi dans un format pratique de 25 grammes pour le voyage !<br \/>\nLe citron vert de Perse associe le parfum oriental et floral de l&rsquo;Orient \u00e0 la fra\u00eecheur du citron vert. Fra\u00eechement vivifiant et \u00e9tonnamment doux. Notre d\u00e9odorant stick Nature est notre best-seller absolu pour ELLE et pour LUI !<\/p>\n<p>Tube en papier 25g.<\/p>\n<p><\/p>","protected":false},"excerpt":{"rendered":"<p>Emm\u00e8ne-moi en voyage ! C&rsquo;est enfin le moment de repartir ! Nous faisons nos valises et partons pour de nouvelles aventures&#8230; Pour que nos aisselles restent toujours s\u00e8ches et parfum\u00e9es, le d\u00e9odorant Persian Lime doit \u00eatre notre fid\u00e8le compagnon dans notre bagage \u00e0 main &#8211; car le stick d\u00e9odorant au parfum oriental et floral existe [&hellip;]<\/p>\n","protected":false},"featured_media":4718,"comment_status":"open","ping_status":"closed","template":"","meta":{"_acf_changed":false},"product_brand":[],"product_cat":[15],"product_tag":[],"class_list":{"0":"post-4712","1":"product","2":"type-product","3":"status-publish","4":"has-post-thumbnail","6":"product_cat-uncategorized","8":"first","9":"instock","10":"taxable","11":"shipping-taxable","12":"purchasable","13":"product-type-simple"},"acf":[],"_links":{"self":[{"href":"https:\/\/benanna.ch\/fr\/wp-json\/wp\/v2\/product\/4712","targetHints":{"allow":["GET"]}}],"collection":[{"href":"https:\/\/benanna.ch\/fr\/wp-json\/wp\/v2\/product"}],"about":[{"href":"https:\/\/benanna.ch\/fr\/wp-json\/wp\/v2\/types\/product"}],"replies":[{"embeddable":true,"href":"https:\/\/benanna.ch\/fr\/wp-json\/wp\/v2\/comments?post=4712"}],"wp:featuredmedia":[{"embeddable":true,"href":"https:\/\/benanna.ch\/fr\/wp-json\/wp\/v2\/media\/4718"}],"wp:attachment":[{"href":"https:\/\/benanna.ch\/fr\/wp-json\/wp\/v2\/media?parent=4712"}],"wp:term":[{"taxonomy":"product_brand","embeddable":true,"href":"https:\/\/benanna.ch\/fr\/wp-json\/wp\/v2\/product_brand?post=4712"},{"taxonomy":"product_cat","embeddable":true,"href":"https:\/\/benanna.ch\/fr\/wp-json\/wp\/v2\/product_cat?post=4712"},{"taxonomy":"product_tag","embeddable":true,"href":"https:\/\/benanna.ch\/fr\/wp-json\/wp\/v2\/product_tag?post=4712"}],"curies":[{"name":"wp","href":"https:\/\/api.w.org\/{rel}","templated":true}]}}