{"id":4425,"date":"2023-11-22T14:10:47","date_gmt":"2023-11-22T14:10:47","guid":{"rendered":"https:\/\/benanna.ch\/?post_type=product&#038;p=4425"},"modified":"2026-04-20T10:02:37","modified_gmt":"2026-04-20T10:02:37","slug":"lipbalm-raspberry","status":"publish","type":"product","link":"https:\/\/benanna.ch\/fr\/produkt\/lipbalm-raspberry\/","title":{"rendered":"Lipbalm Raspberry"},"content":{"rendered":"<p><\/p>\n<p>Donnez \u00e0 vos l\u00e8vres le parfum fruit\u00e9 et rafra\u00eechissant des framboises fra\u00eechement cueillies &#8211; pour un \u00e9clat souple et naturel. Soigne avec de l&rsquo;huile de graines de rhizome, du beurre de karit\u00e9 et de l&rsquo;huile de jojoba.<\/p>\n<p><\/p>","protected":false},"excerpt":{"rendered":"<p>Donnez \u00e0 vos l\u00e8vres le parfum fruit\u00e9 et rafra\u00eechissant des framboises fra\u00eechement cueillies &#8211; pour un \u00e9clat souple et naturel. Soigne avec de l&rsquo;huile de graines de rhizome, du beurre de karit\u00e9 et de l&rsquo;huile de jojoba.<\/p>\n","protected":false},"featured_media":4448,"comment_status":"open","ping_status":"closed","template":"","meta":{"_acf_changed":false},"product_brand":[],"product_cat":[15],"product_tag":[],"class_list":{"0":"post-4425","1":"product","2":"type-product","3":"status-publish","4":"has-post-thumbnail","6":"product_cat-uncategorized","8":"first","9":"instock","10":"taxable","11":"shipping-taxable","12":"purchasable","13":"product-type-simple"},"acf":[],"_links":{"self":[{"href":"https:\/\/benanna.ch\/fr\/wp-json\/wp\/v2\/product\/4425","targetHints":{"allow":["GET"]}}],"collection":[{"href":"https:\/\/benanna.ch\/fr\/wp-json\/wp\/v2\/product"}],"about":[{"href":"https:\/\/benanna.ch\/fr\/wp-json\/wp\/v2\/types\/product"}],"replies":[{"embeddable":true,"href":"https:\/\/benanna.ch\/fr\/wp-json\/wp\/v2\/comments?post=4425"}],"wp:featuredmedia":[{"embeddable":true,"href":"https:\/\/benanna.ch\/fr\/wp-json\/wp\/v2\/media\/4448"}],"wp:attachment":[{"href":"https:\/\/benanna.ch\/fr\/wp-json\/wp\/v2\/media?parent=4425"}],"wp:term":[{"taxonomy":"product_brand","embeddable":true,"href":"https:\/\/benanna.ch\/fr\/wp-json\/wp\/v2\/product_brand?post=4425"},{"taxonomy":"product_cat","embeddable":true,"href":"https:\/\/benanna.ch\/fr\/wp-json\/wp\/v2\/product_cat?post=4425"},{"taxonomy":"product_tag","embeddable":true,"href":"https:\/\/benanna.ch\/fr\/wp-json\/wp\/v2\/product_tag?post=4425"}],"curies":[{"name":"wp","href":"https:\/\/api.w.org\/{rel}","templated":true}]}}