{"id":4420,"date":"2023-11-22T13:46:18","date_gmt":"2023-11-22T13:46:18","guid":{"rendered":"https:\/\/benanna.ch\/?post_type=product&#038;p=4420"},"modified":"2026-04-20T10:02:37","modified_gmt":"2026-04-20T10:02:37","slug":"lipbalm-pure","status":"publish","type":"product","link":"https:\/\/benanna.ch\/fr\/produkt\/lipbalm-pure\/","title":{"rendered":"Lipbalm Pure"},"content":{"rendered":"<p><\/p>\n<p>Un soin pur sans parfum. Plongez dans le d\u00e9licat parfum de fra\u00eecheur et de naturel &#8211; une exp\u00e9rience bienfaisante pour vos sens. Ce baume \u00e0 l\u00e8vres deviendra votre compagnon indispensable pour des l\u00e8vres soign\u00e9es au quotidien. Id\u00e9al pour les l\u00e8vres particuli\u00e8rement sensibles et les personnes allergiques. Soigne avec de l&rsquo;huile de graines de rhizome, du beurre de karit\u00e9 et de l&rsquo;huile de jojoba.<\/p>\n<p><\/p>","protected":false},"excerpt":{"rendered":"<p>Un soin pur sans parfum. Plongez dans le d\u00e9licat parfum de fra\u00eecheur et de naturel &#8211; une exp\u00e9rience bienfaisante pour vos sens. Ce baume \u00e0 l\u00e8vres deviendra votre compagnon indispensable pour des l\u00e8vres soign\u00e9es au quotidien. Id\u00e9al pour les l\u00e8vres particuli\u00e8rement sensibles et les personnes allergiques. Soigne avec de l&rsquo;huile de graines de rhizome, du [&hellip;]<\/p>\n","protected":false},"featured_media":4449,"comment_status":"open","ping_status":"closed","template":"","meta":{"_acf_changed":false},"product_brand":[],"product_cat":[15],"product_tag":[],"class_list":{"0":"post-4420","1":"product","2":"type-product","3":"status-publish","4":"has-post-thumbnail","6":"product_cat-uncategorized","8":"first","9":"instock","10":"taxable","11":"shipping-taxable","12":"purchasable","13":"product-type-simple"},"acf":[],"_links":{"self":[{"href":"https:\/\/benanna.ch\/fr\/wp-json\/wp\/v2\/product\/4420","targetHints":{"allow":["GET"]}}],"collection":[{"href":"https:\/\/benanna.ch\/fr\/wp-json\/wp\/v2\/product"}],"about":[{"href":"https:\/\/benanna.ch\/fr\/wp-json\/wp\/v2\/types\/product"}],"replies":[{"embeddable":true,"href":"https:\/\/benanna.ch\/fr\/wp-json\/wp\/v2\/comments?post=4420"}],"wp:featuredmedia":[{"embeddable":true,"href":"https:\/\/benanna.ch\/fr\/wp-json\/wp\/v2\/media\/4449"}],"wp:attachment":[{"href":"https:\/\/benanna.ch\/fr\/wp-json\/wp\/v2\/media?parent=4420"}],"wp:term":[{"taxonomy":"product_brand","embeddable":true,"href":"https:\/\/benanna.ch\/fr\/wp-json\/wp\/v2\/product_brand?post=4420"},{"taxonomy":"product_cat","embeddable":true,"href":"https:\/\/benanna.ch\/fr\/wp-json\/wp\/v2\/product_cat?post=4420"},{"taxonomy":"product_tag","embeddable":true,"href":"https:\/\/benanna.ch\/fr\/wp-json\/wp\/v2\/product_tag?post=4420"}],"curies":[{"name":"wp","href":"https:\/\/api.w.org\/{rel}","templated":true}]}}