{"id":4368,"date":"2023-10-12T09:09:54","date_gmt":"2023-10-12T09:09:54","guid":{"rendered":"https:\/\/benanna.ch\/?post_type=product&#038;p=4368"},"modified":"2026-04-18T13:30:42","modified_gmt":"2026-04-18T13:30:42","slug":"wild-berry-fluor-tube-75ml","status":"publish","type":"product","link":"https:\/\/benanna.ch\/fr\/produkt\/wild-berry-fluor-tube-75ml\/","title":{"rendered":"Dentifrice Baies sauvages Fluor Tube"},"content":{"rendered":"<p>L&rsquo;extrait d&rsquo;ananas qu&rsquo;il contient dissout en douceur la plaque dentaire et nettoie les dents en douceur. En outre, l&rsquo;extrait frais d&rsquo;aloe vera soigne les gencives et garantit une hygi\u00e8ne buccale durable.<\/p>\n<p>Les dentifrices Ben &#038; Anna en tube r\u00e9pondent \u00e0 tous les go\u00fbts. De plus, ils sont certifi\u00e9s NATRUE et contiennent n\u00e9anmoins du fluor. Cela fonctionne parce qu&rsquo;il s&rsquo;agit d&rsquo;un min\u00e9ral identique au naturel et approuv\u00e9 par NATRUE. Pour une hygi\u00e8ne dentaire naturelle et une haleine fra\u00eeche !<\/p>","protected":false},"excerpt":{"rendered":"<p>L&rsquo;extrait d&rsquo;ananas qu&rsquo;il contient dissout en douceur la plaque dentaire et nettoie les dents en douceur. En outre, l&rsquo;extrait frais d&rsquo;aloe vera soigne les gencives et garantit une hygi\u00e8ne buccale durable. Les dentifrices Ben &#038; Anna en tube r\u00e9pondent \u00e0 tous les go\u00fbts. De plus, ils sont certifi\u00e9s NATRUE et contiennent n\u00e9anmoins du fluor. Cela [&hellip;]<\/p>\n","protected":false},"featured_media":4369,"comment_status":"open","ping_status":"closed","template":"","meta":{"_acf_changed":false},"product_brand":[],"product_cat":[15],"product_tag":[],"class_list":{"0":"post-4368","1":"product","2":"type-product","3":"status-publish","4":"has-post-thumbnail","6":"product_cat-uncategorized","8":"first","9":"instock","10":"taxable","11":"shipping-taxable","12":"purchasable","13":"product-type-simple"},"acf":[],"_links":{"self":[{"href":"https:\/\/benanna.ch\/fr\/wp-json\/wp\/v2\/product\/4368","targetHints":{"allow":["GET"]}}],"collection":[{"href":"https:\/\/benanna.ch\/fr\/wp-json\/wp\/v2\/product"}],"about":[{"href":"https:\/\/benanna.ch\/fr\/wp-json\/wp\/v2\/types\/product"}],"replies":[{"embeddable":true,"href":"https:\/\/benanna.ch\/fr\/wp-json\/wp\/v2\/comments?post=4368"}],"wp:featuredmedia":[{"embeddable":true,"href":"https:\/\/benanna.ch\/fr\/wp-json\/wp\/v2\/media\/4369"}],"wp:attachment":[{"href":"https:\/\/benanna.ch\/fr\/wp-json\/wp\/v2\/media?parent=4368"}],"wp:term":[{"taxonomy":"product_brand","embeddable":true,"href":"https:\/\/benanna.ch\/fr\/wp-json\/wp\/v2\/product_brand?post=4368"},{"taxonomy":"product_cat","embeddable":true,"href":"https:\/\/benanna.ch\/fr\/wp-json\/wp\/v2\/product_cat?post=4368"},{"taxonomy":"product_tag","embeddable":true,"href":"https:\/\/benanna.ch\/fr\/wp-json\/wp\/v2\/product_tag?post=4368"}],"curies":[{"name":"wp","href":"https:\/\/api.w.org\/{rel}","templated":true}]}}