{"id":4359,"date":"2023-10-12T08:45:56","date_gmt":"2023-10-12T08:45:56","guid":{"rendered":"https:\/\/benanna.ch\/?post_type=product&#038;p=4359"},"modified":"2026-04-19T10:00:22","modified_gmt":"2026-04-19T10:00:22","slug":"coco-mania-fluor-tube-75ml","status":"publish","type":"product","link":"https:\/\/benanna.ch\/fr\/produkt\/coco-mania-fluor-tube-75ml\/","title":{"rendered":"Dentifrice Coco Mania Fluor Tube"},"content":{"rendered":"<p>Ce dentifrice \u00e0 l&rsquo;huile de coco exotique est un v\u00e9ritable rem\u00e8de miracle. Il poss\u00e8de de puissantes propri\u00e9t\u00e9s antibact\u00e9riennes, ralentit l&rsquo;apparition des caries, est doux pour l&rsquo;\u00e9mail des dents et apaise les inflammations. <\/p>\n<p>Les dentifrices Ben &#038; Anna en tube r\u00e9pondent \u00e0 tous les go\u00fbts. De plus, ils sont certifi\u00e9s NATRUE et contiennent n\u00e9anmoins du fluor. Cela fonctionne parce qu&rsquo;il s&rsquo;agit d&rsquo;un min\u00e9ral identique au naturel et approuv\u00e9 par NATRUE. Pour une hygi\u00e8ne dentaire naturelle et une haleine fra\u00eeche !<\/p>","protected":false},"excerpt":{"rendered":"<p>Ce dentifrice \u00e0 l&rsquo;huile de coco exotique est un v\u00e9ritable rem\u00e8de miracle. Il poss\u00e8de de puissantes propri\u00e9t\u00e9s antibact\u00e9riennes, ralentit l&rsquo;apparition des caries, est doux pour l&rsquo;\u00e9mail des dents et apaise les inflammations. Les dentifrices Ben &#038; Anna en tube r\u00e9pondent \u00e0 tous les go\u00fbts. De plus, ils sont certifi\u00e9s NATRUE et contiennent n\u00e9anmoins du fluor. [&hellip;]<\/p>\n","protected":false},"featured_media":4360,"comment_status":"open","ping_status":"closed","template":"","meta":{"_acf_changed":false},"product_brand":[],"product_cat":[15],"product_tag":[],"class_list":{"0":"post-4359","1":"product","2":"type-product","3":"status-publish","4":"has-post-thumbnail","6":"product_cat-uncategorized","8":"first","9":"instock","10":"taxable","11":"shipping-taxable","12":"purchasable","13":"product-type-simple"},"acf":[],"_links":{"self":[{"href":"https:\/\/benanna.ch\/fr\/wp-json\/wp\/v2\/product\/4359","targetHints":{"allow":["GET"]}}],"collection":[{"href":"https:\/\/benanna.ch\/fr\/wp-json\/wp\/v2\/product"}],"about":[{"href":"https:\/\/benanna.ch\/fr\/wp-json\/wp\/v2\/types\/product"}],"replies":[{"embeddable":true,"href":"https:\/\/benanna.ch\/fr\/wp-json\/wp\/v2\/comments?post=4359"}],"wp:featuredmedia":[{"embeddable":true,"href":"https:\/\/benanna.ch\/fr\/wp-json\/wp\/v2\/media\/4360"}],"wp:attachment":[{"href":"https:\/\/benanna.ch\/fr\/wp-json\/wp\/v2\/media?parent=4359"}],"wp:term":[{"taxonomy":"product_brand","embeddable":true,"href":"https:\/\/benanna.ch\/fr\/wp-json\/wp\/v2\/product_brand?post=4359"},{"taxonomy":"product_cat","embeddable":true,"href":"https:\/\/benanna.ch\/fr\/wp-json\/wp\/v2\/product_cat?post=4359"},{"taxonomy":"product_tag","embeddable":true,"href":"https:\/\/benanna.ch\/fr\/wp-json\/wp\/v2\/product_tag?post=4359"}],"curies":[{"name":"wp","href":"https:\/\/api.w.org\/{rel}","templated":true}]}}