{"id":4354,"date":"2023-10-12T08:26:08","date_gmt":"2023-10-12T08:26:08","guid":{"rendered":"https:\/\/benanna.ch\/?post_type=product&#038;p=4354"},"modified":"2026-04-18T13:30:42","modified_gmt":"2026-04-18T13:30:42","slug":"black-fluor-tube-75ml","status":"publish","type":"product","link":"https:\/\/benanna.ch\/fr\/produkt\/black-fluor-tube-75ml\/","title":{"rendered":"Tube de dentifrice Black Fluor"},"content":{"rendered":"<p>Le charbon actif \u00e9limine les d\u00e9colorations en un clin d&rsquo;\u0153il &#8211; de mani\u00e8re naturelle. <\/p>\n<p>Les dentifrices Ben &#038; Anna en tube r\u00e9pondent \u00e0 tous les go\u00fbts. De plus, ils sont certifi\u00e9s NATRUE et contiennent n\u00e9anmoins du fluor. Cela fonctionne parce qu&rsquo;il s&rsquo;agit d&rsquo;un min\u00e9ral identique \u00e0 la nature et approuv\u00e9 par NATRUE. Pour une hygi\u00e8ne dentaire naturelle et une haleine fra\u00eeche !<\/p>","protected":false},"excerpt":{"rendered":"<p>Le charbon actif \u00e9limine les d\u00e9colorations en un clin d&rsquo;\u0153il &#8211; de mani\u00e8re naturelle. Les dentifrices Ben &#038; Anna en tube r\u00e9pondent \u00e0 tous les go\u00fbts. De plus, ils sont certifi\u00e9s NATRUE et contiennent n\u00e9anmoins du fluor. Cela fonctionne parce qu&rsquo;il s&rsquo;agit d&rsquo;un min\u00e9ral identique \u00e0 la nature et approuv\u00e9 par NATRUE. Pour une hygi\u00e8ne [&hellip;]<\/p>\n","protected":false},"featured_media":4357,"comment_status":"open","ping_status":"closed","template":"","meta":{"_acf_changed":false},"product_brand":[],"product_cat":[15],"product_tag":[],"class_list":{"0":"post-4354","1":"product","2":"type-product","3":"status-publish","4":"has-post-thumbnail","6":"product_cat-uncategorized","8":"first","9":"instock","10":"taxable","11":"shipping-taxable","12":"purchasable","13":"product-type-simple"},"acf":[],"_links":{"self":[{"href":"https:\/\/benanna.ch\/fr\/wp-json\/wp\/v2\/product\/4354","targetHints":{"allow":["GET"]}}],"collection":[{"href":"https:\/\/benanna.ch\/fr\/wp-json\/wp\/v2\/product"}],"about":[{"href":"https:\/\/benanna.ch\/fr\/wp-json\/wp\/v2\/types\/product"}],"replies":[{"embeddable":true,"href":"https:\/\/benanna.ch\/fr\/wp-json\/wp\/v2\/comments?post=4354"}],"wp:featuredmedia":[{"embeddable":true,"href":"https:\/\/benanna.ch\/fr\/wp-json\/wp\/v2\/media\/4357"}],"wp:attachment":[{"href":"https:\/\/benanna.ch\/fr\/wp-json\/wp\/v2\/media?parent=4354"}],"wp:term":[{"taxonomy":"product_brand","embeddable":true,"href":"https:\/\/benanna.ch\/fr\/wp-json\/wp\/v2\/product_brand?post=4354"},{"taxonomy":"product_cat","embeddable":true,"href":"https:\/\/benanna.ch\/fr\/wp-json\/wp\/v2\/product_cat?post=4354"},{"taxonomy":"product_tag","embeddable":true,"href":"https:\/\/benanna.ch\/fr\/wp-json\/wp\/v2\/product_tag?post=4354"}],"curies":[{"name":"wp","href":"https:\/\/api.w.org\/{rel}","templated":true}]}}