{"id":4302,"date":"2023-08-30T11:40:00","date_gmt":"2023-08-30T11:40:00","guid":{"rendered":"https:\/\/benanna.ch\/?post_type=product&#038;p=4302"},"modified":"2026-04-18T18:01:49","modified_gmt":"2026-04-18T18:01:49","slug":"sensitive-highland-breeze","status":"publish","type":"product","link":"https:\/\/benanna.ch\/fr\/produkt\/sensitive-highland-breeze\/","title":{"rendered":"Sensitive Highland Breeze 40gr."},"content":{"rendered":"<p><\/p>\n<p>Pur comme l\u2019air de montagne. Le d\u00e9odorant Highland Breeze pour peaux sensibles convainc par une note herbac\u00e9e fra\u00eeche, et en m\u00eame temps chaleureuse et douce. Les fragrances fra\u00eeches lui prodiguent une certaine l\u00e9g\u00e8ret\u00e9 sans \u00eatre envahissant. Pour que chaque matin devienne une exp\u00e9rience de fra\u00eecheur.<\/p>\n<p>Tube en papier 40g.<\/p>\n<p><\/p>","protected":false},"excerpt":{"rendered":"<p>Pur comme l\u2019air de montagne. Le d\u00e9odorant Highland Breeze pour peaux sensibles convainc par une note herbac\u00e9e fra\u00eeche, et en m\u00eame temps chaleureuse et douce. Les fragrances fra\u00eeches lui prodiguent une certaine l\u00e9g\u00e8ret\u00e9 sans \u00eatre envahissant. Pour que chaque matin devienne une exp\u00e9rience de fra\u00eecheur. Tube en papier 40g.<\/p>\n","protected":false},"featured_media":4322,"comment_status":"open","ping_status":"closed","template":"","meta":{"_acf_changed":false},"product_brand":[],"product_cat":[15],"product_tag":[],"class_list":{"0":"post-4302","1":"product","2":"type-product","3":"status-publish","4":"has-post-thumbnail","6":"product_cat-uncategorized","8":"first","9":"instock","10":"taxable","11":"shipping-taxable","12":"purchasable","13":"product-type-simple"},"acf":[],"_links":{"self":[{"href":"https:\/\/benanna.ch\/fr\/wp-json\/wp\/v2\/product\/4302","targetHints":{"allow":["GET"]}}],"collection":[{"href":"https:\/\/benanna.ch\/fr\/wp-json\/wp\/v2\/product"}],"about":[{"href":"https:\/\/benanna.ch\/fr\/wp-json\/wp\/v2\/types\/product"}],"replies":[{"embeddable":true,"href":"https:\/\/benanna.ch\/fr\/wp-json\/wp\/v2\/comments?post=4302"}],"wp:featuredmedia":[{"embeddable":true,"href":"https:\/\/benanna.ch\/fr\/wp-json\/wp\/v2\/media\/4322"}],"wp:attachment":[{"href":"https:\/\/benanna.ch\/fr\/wp-json\/wp\/v2\/media?parent=4302"}],"wp:term":[{"taxonomy":"product_brand","embeddable":true,"href":"https:\/\/benanna.ch\/fr\/wp-json\/wp\/v2\/product_brand?post=4302"},{"taxonomy":"product_cat","embeddable":true,"href":"https:\/\/benanna.ch\/fr\/wp-json\/wp\/v2\/product_cat?post=4302"},{"taxonomy":"product_tag","embeddable":true,"href":"https:\/\/benanna.ch\/fr\/wp-json\/wp\/v2\/product_tag?post=4302"}],"curies":[{"name":"wp","href":"https:\/\/api.w.org\/{rel}","templated":true}]}}