{"id":4300,"date":"2023-08-30T09:27:46","date_gmt":"2023-08-30T09:27:46","guid":{"rendered":"https:\/\/benanna.ch\/?post_type=product&#038;p=4300"},"modified":"2026-04-20T10:02:37","modified_gmt":"2026-04-20T10:02:37","slug":"sensitive-lemon-lime","status":"publish","type":"product","link":"https:\/\/benanna.ch\/fr\/produkt\/sensitive-lemon-lime\/","title":{"rendered":"Sensitive Lemon &#038; Lime 40gr."},"content":{"rendered":"<p><\/p>\n<p>Ce nouveau d\u00e9odorant pour peaux sensibles est d\u00e9clin\u00e9 dans un parfum fra\u00eechement citronn\u00e9 et merveilleusement p\u00e9tillant. Gr\u00e2ce \u00e0 la fra\u00eecheur revitalisante du citron, vous commencerez votre journ\u00e9e de bon pied ! Parfum unisexe et l\u2019un de nos bestsellers.<\/p>\n<p>Tube en papier 40g.<\/p>\n<p><\/p>","protected":false},"excerpt":{"rendered":"<p>Ce nouveau d\u00e9odorant pour peaux sensibles est d\u00e9clin\u00e9 dans un parfum fra\u00eechement citronn\u00e9 et merveilleusement p\u00e9tillant. Gr\u00e2ce \u00e0 la fra\u00eecheur revitalisante du citron, vous commencerez votre journ\u00e9e de bon pied ! Parfum unisexe et l\u2019un de nos bestsellers. Tube en papier 40g.<\/p>\n","protected":false},"featured_media":4321,"comment_status":"open","ping_status":"closed","template":"","meta":{"_acf_changed":false},"product_brand":[],"product_cat":[15],"product_tag":[],"class_list":{"0":"post-4300","1":"product","2":"type-product","3":"status-publish","4":"has-post-thumbnail","6":"product_cat-uncategorized","8":"first","9":"instock","10":"taxable","11":"shipping-taxable","12":"purchasable","13":"product-type-simple"},"acf":[],"_links":{"self":[{"href":"https:\/\/benanna.ch\/fr\/wp-json\/wp\/v2\/product\/4300","targetHints":{"allow":["GET"]}}],"collection":[{"href":"https:\/\/benanna.ch\/fr\/wp-json\/wp\/v2\/product"}],"about":[{"href":"https:\/\/benanna.ch\/fr\/wp-json\/wp\/v2\/types\/product"}],"replies":[{"embeddable":true,"href":"https:\/\/benanna.ch\/fr\/wp-json\/wp\/v2\/comments?post=4300"}],"wp:featuredmedia":[{"embeddable":true,"href":"https:\/\/benanna.ch\/fr\/wp-json\/wp\/v2\/media\/4321"}],"wp:attachment":[{"href":"https:\/\/benanna.ch\/fr\/wp-json\/wp\/v2\/media?parent=4300"}],"wp:term":[{"taxonomy":"product_brand","embeddable":true,"href":"https:\/\/benanna.ch\/fr\/wp-json\/wp\/v2\/product_brand?post=4300"},{"taxonomy":"product_cat","embeddable":true,"href":"https:\/\/benanna.ch\/fr\/wp-json\/wp\/v2\/product_cat?post=4300"},{"taxonomy":"product_tag","embeddable":true,"href":"https:\/\/benanna.ch\/fr\/wp-json\/wp\/v2\/product_tag?post=4300"}],"curies":[{"name":"wp","href":"https:\/\/api.w.org\/{rel}","templated":true}]}}