{"id":4298,"date":"2023-08-30T08:56:37","date_gmt":"2023-08-30T08:56:37","guid":{"rendered":"https:\/\/benanna.ch\/?post_type=product&#038;p=4298"},"modified":"2026-04-20T10:02:37","modified_gmt":"2026-04-20T10:02:37","slug":"sensitive-cherry-blossom","status":"publish","type":"product","link":"https:\/\/benanna.ch\/fr\/produkt\/sensitive-cherry-blossom\/","title":{"rendered":"Sensitive Cherry Blossom 40gr."},"content":{"rendered":"<p><\/p>\n<p>Un d\u00e9odorant pour peaux sensibles au parfum fruit\u00e9 et floral des cerises. Laissez la fine fragrance des fleurs de cerisier japonais vous envelopper. Tr\u00e8s doux, il convient parfaitement aux peaux sensibles tout en vous permettant d\u2019\u00e9viter les mauvaises odeurs.<\/p>\n<p>Tube en papier 40g.<\/p>\n<p><\/p>","protected":false},"excerpt":{"rendered":"<p>Un d\u00e9odorant pour peaux sensibles au parfum fruit\u00e9 et floral des cerises. Laissez la fine fragrance des fleurs de cerisier japonais vous envelopper. Tr\u00e8s doux, il convient parfaitement aux peaux sensibles tout en vous permettant d\u2019\u00e9viter les mauvaises odeurs. Tube en papier 40g.<\/p>\n","protected":false},"featured_media":4319,"comment_status":"open","ping_status":"closed","template":"","meta":{"_acf_changed":false},"product_brand":[],"product_cat":[15],"product_tag":[],"class_list":{"0":"post-4298","1":"product","2":"type-product","3":"status-publish","4":"has-post-thumbnail","6":"product_cat-uncategorized","8":"first","9":"instock","10":"taxable","11":"shipping-taxable","12":"purchasable","13":"product-type-simple"},"acf":[],"_links":{"self":[{"href":"https:\/\/benanna.ch\/fr\/wp-json\/wp\/v2\/product\/4298","targetHints":{"allow":["GET"]}}],"collection":[{"href":"https:\/\/benanna.ch\/fr\/wp-json\/wp\/v2\/product"}],"about":[{"href":"https:\/\/benanna.ch\/fr\/wp-json\/wp\/v2\/types\/product"}],"replies":[{"embeddable":true,"href":"https:\/\/benanna.ch\/fr\/wp-json\/wp\/v2\/comments?post=4298"}],"wp:featuredmedia":[{"embeddable":true,"href":"https:\/\/benanna.ch\/fr\/wp-json\/wp\/v2\/media\/4319"}],"wp:attachment":[{"href":"https:\/\/benanna.ch\/fr\/wp-json\/wp\/v2\/media?parent=4298"}],"wp:term":[{"taxonomy":"product_brand","embeddable":true,"href":"https:\/\/benanna.ch\/fr\/wp-json\/wp\/v2\/product_brand?post=4298"},{"taxonomy":"product_cat","embeddable":true,"href":"https:\/\/benanna.ch\/fr\/wp-json\/wp\/v2\/product_cat?post=4298"},{"taxonomy":"product_tag","embeddable":true,"href":"https:\/\/benanna.ch\/fr\/wp-json\/wp\/v2\/product_tag?post=4298"}],"curies":[{"name":"wp","href":"https:\/\/api.w.org\/{rel}","templated":true}]}}