{"id":3745,"date":"2022-10-30T20:43:54","date_gmt":"2022-10-30T20:43:54","guid":{"rendered":"https:\/\/benanna.ch\/?post_type=product&#038;p=3745"},"modified":"2026-04-12T18:01:11","modified_gmt":"2026-04-12T18:01:11","slug":"duschgelflocken-fruit-fusion-veganes-duschgel","status":"publish","type":"product","link":"https:\/\/benanna.ch\/fr\/produkt\/duschgelflocken-fruit-fusion-veganes-duschgel\/","title":{"rendered":"Flocons de gel douche Fruit Fusion (2 sachets)"},"content":{"rendered":"<p>Avec les nouveaux flocons de douche v\u00e9g\u00e9taliens de BEN&amp;ANNA, tu peux facilement m\u00e9langer toi-m\u00eame ton gel nettoyant \u00e0 la maison. Tu as ainsi toujours tout sous la main pour une douche rafra\u00eechissante. Trouve ton parfum pr\u00e9f\u00e9r\u00e9 parmi les diff\u00e9rentes variations et \u00e9conomise jusqu&rsquo;\u00e0 10 bouteilles en plastique par an.<\/p>","protected":false},"excerpt":{"rendered":"<p>Avec les nouveaux flocons de douche v\u00e9g\u00e9taliens de BEN&amp;ANNA, tu peux facilement m\u00e9langer toi-m\u00eame ton gel nettoyant \u00e0 la maison. Tu as ainsi toujours tout sous la main pour une douche rafra\u00eechissante. Trouve ton parfum pr\u00e9f\u00e9r\u00e9 parmi les diff\u00e9rentes variations et \u00e9conomise jusqu&rsquo;\u00e0 10 bouteilles en plastique par an.<\/p>\n","protected":false},"featured_media":3752,"comment_status":"open","ping_status":"closed","template":"","meta":{"_acf_changed":false},"product_brand":[],"product_cat":[15],"product_tag":[],"class_list":{"0":"post-3745","1":"product","2":"type-product","3":"status-publish","4":"has-post-thumbnail","6":"product_cat-uncategorized","8":"first","9":"instock","10":"sale","11":"taxable","12":"shipping-taxable","13":"purchasable","14":"product-type-simple"},"acf":[],"_links":{"self":[{"href":"https:\/\/benanna.ch\/fr\/wp-json\/wp\/v2\/product\/3745","targetHints":{"allow":["GET"]}}],"collection":[{"href":"https:\/\/benanna.ch\/fr\/wp-json\/wp\/v2\/product"}],"about":[{"href":"https:\/\/benanna.ch\/fr\/wp-json\/wp\/v2\/types\/product"}],"replies":[{"embeddable":true,"href":"https:\/\/benanna.ch\/fr\/wp-json\/wp\/v2\/comments?post=3745"}],"wp:featuredmedia":[{"embeddable":true,"href":"https:\/\/benanna.ch\/fr\/wp-json\/wp\/v2\/media\/3752"}],"wp:attachment":[{"href":"https:\/\/benanna.ch\/fr\/wp-json\/wp\/v2\/media?parent=3745"}],"wp:term":[{"taxonomy":"product_brand","embeddable":true,"href":"https:\/\/benanna.ch\/fr\/wp-json\/wp\/v2\/product_brand?post=3745"},{"taxonomy":"product_cat","embeddable":true,"href":"https:\/\/benanna.ch\/fr\/wp-json\/wp\/v2\/product_cat?post=3745"},{"taxonomy":"product_tag","embeddable":true,"href":"https:\/\/benanna.ch\/fr\/wp-json\/wp\/v2\/product_tag?post=3745"}],"curies":[{"name":"wp","href":"https:\/\/api.w.org\/{rel}","templated":true}]}}