{"id":3744,"date":"2022-10-30T20:29:47","date_gmt":"2022-10-30T20:29:47","guid":{"rendered":"https:\/\/benanna.ch\/?post_type=product&#038;p=3744"},"modified":"2026-04-20T10:02:37","modified_gmt":"2026-04-20T10:02:37","slug":"duschgelspender","status":"publish","type":"product","link":"https:\/\/benanna.ch\/fr\/produkt\/duschgelspender\/","title":{"rendered":"Distributeur de gel douche"},"content":{"rendered":"<p>Ce distributeur de gel douche pour la fabrication de gel douche \u00e0 partir des flocons de gel douche Ben &amp; Anna rend d\u00e9sormais encore plus facile de vivre vraiment de mani\u00e8re durable.<\/p>","protected":false},"excerpt":{"rendered":"<p>Ce distributeur de gel douche pour la fabrication de gel douche \u00e0 partir des flocons de gel douche Ben &amp; Anna rend d\u00e9sormais encore plus facile de vivre vraiment de mani\u00e8re durable.<\/p>\n","protected":false},"featured_media":3759,"comment_status":"open","ping_status":"closed","template":"","meta":{"_acf_changed":false},"product_brand":[],"product_cat":[15],"product_tag":[],"class_list":{"0":"post-3744","1":"product","2":"type-product","3":"status-publish","4":"has-post-thumbnail","6":"product_cat-uncategorized","8":"first","9":"instock","10":"sale","11":"taxable","12":"shipping-taxable","13":"purchasable","14":"product-type-simple"},"acf":[],"_links":{"self":[{"href":"https:\/\/benanna.ch\/fr\/wp-json\/wp\/v2\/product\/3744","targetHints":{"allow":["GET"]}}],"collection":[{"href":"https:\/\/benanna.ch\/fr\/wp-json\/wp\/v2\/product"}],"about":[{"href":"https:\/\/benanna.ch\/fr\/wp-json\/wp\/v2\/types\/product"}],"replies":[{"embeddable":true,"href":"https:\/\/benanna.ch\/fr\/wp-json\/wp\/v2\/comments?post=3744"}],"wp:featuredmedia":[{"embeddable":true,"href":"https:\/\/benanna.ch\/fr\/wp-json\/wp\/v2\/media\/3759"}],"wp:attachment":[{"href":"https:\/\/benanna.ch\/fr\/wp-json\/wp\/v2\/media?parent=3744"}],"wp:term":[{"taxonomy":"product_brand","embeddable":true,"href":"https:\/\/benanna.ch\/fr\/wp-json\/wp\/v2\/product_brand?post=3744"},{"taxonomy":"product_cat","embeddable":true,"href":"https:\/\/benanna.ch\/fr\/wp-json\/wp\/v2\/product_cat?post=3744"},{"taxonomy":"product_tag","embeddable":true,"href":"https:\/\/benanna.ch\/fr\/wp-json\/wp\/v2\/product_tag?post=3744"}],"curies":[{"name":"wp","href":"https:\/\/api.w.org\/{rel}","templated":true}]}}