{"id":23699,"date":"2025-04-24T12:24:12","date_gmt":"2025-04-24T12:24:12","guid":{"rendered":"https:\/\/benanna.ch\/?post_type=product&#038;p=23699"},"modified":"2026-04-20T10:02:36","modified_gmt":"2026-04-20T10:02:36","slug":"refill-love-me","status":"publish","type":"product","link":"https:\/\/benanna.ch\/fr\/produkt\/refill-love-me\/","title":{"rendered":"Refill Love me"},"content":{"rendered":"<p>Dein Deo ist leer? Kein Problem! Mit dem Ben &amp; Anna Refill Nachf\u00fcllpack gibst du deinem Case ganz einfach eine zweite Runde Power \u2013 nachhaltig, unkompliziert und zuverl\u00e4ssig.<\/p>\n<p>Der blumig-exotische Duft Love Me verzaubert die Sinne und h\u00fcllt dich in eine frische Aura. Natron neutralisiert Ger\u00fcche, Maisst\u00e4rke bindet Feuchtigkeit \u2013 f\u00fcr langanhaltende Frische und ein trockenes Hautgef\u00fchl.<\/p>\n<p>In robuster und wiederverwendbarer Deoh\u00fclle.<\/p>\n<p>Inhalt: 40 Gramm<\/p>\n","protected":false},"excerpt":{"rendered":"<p>Dein Deo ist leer? Kein Problem! Mit dem Ben &amp; Anna Refill Nachf\u00fcllpack gibst du deinem Case ganz einfach eine zweite Runde Power.<\/p>\n","protected":false},"featured_media":25641,"comment_status":"open","ping_status":"closed","template":"","meta":{"_acf_changed":false},"product_brand":[],"product_cat":[15],"product_tag":[],"class_list":{"0":"post-23699","1":"product","2":"type-product","3":"status-publish","4":"has-post-thumbnail","6":"product_cat-uncategorized","8":"first","9":"instock","10":"taxable","11":"shipping-taxable","12":"purchasable","13":"product-type-simple"},"acf":[],"_links":{"self":[{"href":"https:\/\/benanna.ch\/fr\/wp-json\/wp\/v2\/product\/23699","targetHints":{"allow":["GET"]}}],"collection":[{"href":"https:\/\/benanna.ch\/fr\/wp-json\/wp\/v2\/product"}],"about":[{"href":"https:\/\/benanna.ch\/fr\/wp-json\/wp\/v2\/types\/product"}],"replies":[{"embeddable":true,"href":"https:\/\/benanna.ch\/fr\/wp-json\/wp\/v2\/comments?post=23699"}],"wp:featuredmedia":[{"embeddable":true,"href":"https:\/\/benanna.ch\/fr\/wp-json\/wp\/v2\/media\/25641"}],"wp:attachment":[{"href":"https:\/\/benanna.ch\/fr\/wp-json\/wp\/v2\/media?parent=23699"}],"wp:term":[{"taxonomy":"product_brand","embeddable":true,"href":"https:\/\/benanna.ch\/fr\/wp-json\/wp\/v2\/product_brand?post=23699"},{"taxonomy":"product_cat","embeddable":true,"href":"https:\/\/benanna.ch\/fr\/wp-json\/wp\/v2\/product_cat?post=23699"},{"taxonomy":"product_tag","embeddable":true,"href":"https:\/\/benanna.ch\/fr\/wp-json\/wp\/v2\/product_tag?post=23699"}],"curies":[{"name":"wp","href":"https:\/\/api.w.org\/{rel}","templated":true}]}}