{"id":1538,"date":"2022-03-07T14:42:47","date_gmt":"2022-03-07T14:42:47","guid":{"rendered":"https:\/\/benanna.ch\/?post_type=product&#038;p=1538"},"modified":"2026-04-17T10:00:18","modified_gmt":"2026-04-17T10:00:18","slug":"wolkenspender","status":"publish","type":"product","link":"https:\/\/benanna.ch\/fr\/produkt\/wolkenspender\/","title":{"rendered":"LE DISTRIBUTEUR DE NUAGES"},"content":{"rendered":"<p>Le z\u00e9ro d\u00e9chets dans la salle de bains n\u2019a jamais \u00e9t\u00e9 aussi simple\u00a0! Gr\u00e2ce au distributeur de nuages Ben &amp; Anna, \u00e9vitez le transport inutile d\u2019eau. Mettez deux pastilles dans la bouteille, remplissez-la d\u2019eau et vous obtiendrez une mousse savonneuse l\u00e9g\u00e8re comme les nuages. Le distributeur de nuage n\u2019est pas seulement styl\u00e9, il est \u00e9galement fait de mati\u00e8res nobles\u00a0: du verre brun \u00e9l\u00e9gant et une pompe en acier inoxydable solide. \u00catre z\u00e9ro d\u00e9chets dans la salle de bain n\u2019a jamais \u00e9t\u00e9 aussi simple et styl\u00e9\u00a0!<\/p>","protected":false},"excerpt":{"rendered":"<p>Le z\u00e9ro d\u00e9chets dans la salle de bains n\u2019a jamais \u00e9t\u00e9 aussi simple\u00a0! Gr\u00e2ce au distributeur de nuages Ben &amp; Anna, \u00e9vitez le transport inutile d\u2019eau. Mettez deux pastilles dans la bouteille, remplissez-la d\u2019eau et vous obtiendrez une mousse savonneuse l\u00e9g\u00e8re comme les nuages. Le distributeur de nuage n\u2019est pas seulement styl\u00e9, il est \u00e9galement [&hellip;]<\/p>\n","protected":false},"featured_media":1539,"comment_status":"open","ping_status":"closed","template":"","meta":{"_acf_changed":false},"product_brand":[],"product_cat":[15],"product_tag":[],"class_list":{"0":"post-1538","1":"product","2":"type-product","3":"status-publish","4":"has-post-thumbnail","6":"product_cat-uncategorized","8":"first","9":"instock","10":"sale","11":"taxable","12":"shipping-taxable","13":"purchasable","14":"product-type-simple"},"acf":[],"_links":{"self":[{"href":"https:\/\/benanna.ch\/fr\/wp-json\/wp\/v2\/product\/1538","targetHints":{"allow":["GET"]}}],"collection":[{"href":"https:\/\/benanna.ch\/fr\/wp-json\/wp\/v2\/product"}],"about":[{"href":"https:\/\/benanna.ch\/fr\/wp-json\/wp\/v2\/types\/product"}],"replies":[{"embeddable":true,"href":"https:\/\/benanna.ch\/fr\/wp-json\/wp\/v2\/comments?post=1538"}],"wp:featuredmedia":[{"embeddable":true,"href":"https:\/\/benanna.ch\/fr\/wp-json\/wp\/v2\/media\/1539"}],"wp:attachment":[{"href":"https:\/\/benanna.ch\/fr\/wp-json\/wp\/v2\/media?parent=1538"}],"wp:term":[{"taxonomy":"product_brand","embeddable":true,"href":"https:\/\/benanna.ch\/fr\/wp-json\/wp\/v2\/product_brand?post=1538"},{"taxonomy":"product_cat","embeddable":true,"href":"https:\/\/benanna.ch\/fr\/wp-json\/wp\/v2\/product_cat?post=1538"},{"taxonomy":"product_tag","embeddable":true,"href":"https:\/\/benanna.ch\/fr\/wp-json\/wp\/v2\/product_tag?post=1538"}],"curies":[{"name":"wp","href":"https:\/\/api.w.org\/{rel}","templated":true}]}}