{"id":1448,"date":"2022-02-08T11:37:29","date_gmt":"2022-02-08T11:37:29","guid":{"rendered":"https:\/\/benanna.ch\/?post_type=product&#038;p=1448"},"modified":"2026-04-17T13:30:38","modified_gmt":"2026-04-17T13:30:38","slug":"urban-black-natural-deodorant","status":"publish","type":"product","link":"https:\/\/benanna.ch\/fr\/produkt\/urban-black-natural-deodorant\/","title":{"rendered":"URBAN BLACK"},"content":{"rendered":"<p><\/p>\n<p>Urban Black est \u00e9pic\u00e9, bois\u00e9 mais pas envahissant. La l\u00e9g\u00e8re note herbac\u00e9e transforme ce d\u00e9odorant en un bouquet raffin\u00e9 plein de fra\u00eecheur.<\/p>\n<p>Tube en papier 40g.<\/p>\n<p><\/p>","protected":false},"excerpt":{"rendered":"<p>Urban Black est \u00e9pic\u00e9, bois\u00e9 mais pas envahissant. La l\u00e9g\u00e8re note herbac\u00e9e transforme ce d\u00e9odorant en un bouquet raffin\u00e9 plein de fra\u00eecheur. Tube en papier 40g.<\/p>\n","protected":false},"featured_media":1449,"comment_status":"open","ping_status":"closed","template":"","meta":{"_acf_changed":false},"product_brand":[],"product_cat":[15],"product_tag":[],"class_list":{"0":"post-1448","1":"product","2":"type-product","3":"status-publish","4":"has-post-thumbnail","6":"product_cat-uncategorized","8":"first","9":"instock","10":"taxable","11":"shipping-taxable","12":"purchasable","13":"product-type-simple"},"acf":[],"_links":{"self":[{"href":"https:\/\/benanna.ch\/fr\/wp-json\/wp\/v2\/product\/1448","targetHints":{"allow":["GET"]}}],"collection":[{"href":"https:\/\/benanna.ch\/fr\/wp-json\/wp\/v2\/product"}],"about":[{"href":"https:\/\/benanna.ch\/fr\/wp-json\/wp\/v2\/types\/product"}],"replies":[{"embeddable":true,"href":"https:\/\/benanna.ch\/fr\/wp-json\/wp\/v2\/comments?post=1448"}],"wp:featuredmedia":[{"embeddable":true,"href":"https:\/\/benanna.ch\/fr\/wp-json\/wp\/v2\/media\/1449"}],"wp:attachment":[{"href":"https:\/\/benanna.ch\/fr\/wp-json\/wp\/v2\/media?parent=1448"}],"wp:term":[{"taxonomy":"product_brand","embeddable":true,"href":"https:\/\/benanna.ch\/fr\/wp-json\/wp\/v2\/product_brand?post=1448"},{"taxonomy":"product_cat","embeddable":true,"href":"https:\/\/benanna.ch\/fr\/wp-json\/wp\/v2\/product_cat?post=1448"},{"taxonomy":"product_tag","embeddable":true,"href":"https:\/\/benanna.ch\/fr\/wp-json\/wp\/v2\/product_tag?post=1448"}],"curies":[{"name":"wp","href":"https:\/\/api.w.org\/{rel}","templated":true}]}}