{"id":1445,"date":"2022-02-08T11:35:11","date_gmt":"2022-02-08T11:35:11","guid":{"rendered":"https:\/\/benanna.ch\/?post_type=product&#038;p=1445"},"modified":"2026-04-17T13:30:38","modified_gmt":"2026-04-17T13:30:38","slug":"pink-grapefruit-veganes-deo","status":"publish","type":"product","link":"https:\/\/benanna.ch\/fr\/produkt\/pink-grapefruit-veganes-deo\/","title":{"rendered":"PINK GRAPEFRUIT"},"content":{"rendered":"<p><\/p>\n<p>Une fragrance merveilleusement fra\u00eeche et acidul\u00e9e qui procure une sensation agr\u00e9able. Le pamplemousse caress\u00e9 par le soleil prodigue \u00e0 cette composition parfum\u00e9e sa note unique. Welcome to paradise&#8230;<\/p>\n<p>Tube en papier 40g.<\/p>\n<p><\/p>","protected":false},"excerpt":{"rendered":"<p>Une fragrance merveilleusement fra\u00eeche et acidul\u00e9e qui procure une sensation agr\u00e9able. Le pamplemousse caress\u00e9 par le soleil prodigue \u00e0 cette composition parfum\u00e9e sa note unique. Welcome to paradise&#8230; Tube en papier 40g.<\/p>\n","protected":false},"featured_media":1446,"comment_status":"open","ping_status":"closed","template":"","meta":{"_acf_changed":false},"product_brand":[],"product_cat":[15],"product_tag":[],"class_list":{"0":"post-1445","1":"product","2":"type-product","3":"status-publish","4":"has-post-thumbnail","6":"product_cat-uncategorized","8":"first","9":"instock","10":"taxable","11":"shipping-taxable","12":"purchasable","13":"product-type-simple"},"acf":[],"_links":{"self":[{"href":"https:\/\/benanna.ch\/fr\/wp-json\/wp\/v2\/product\/1445","targetHints":{"allow":["GET"]}}],"collection":[{"href":"https:\/\/benanna.ch\/fr\/wp-json\/wp\/v2\/product"}],"about":[{"href":"https:\/\/benanna.ch\/fr\/wp-json\/wp\/v2\/types\/product"}],"replies":[{"embeddable":true,"href":"https:\/\/benanna.ch\/fr\/wp-json\/wp\/v2\/comments?post=1445"}],"wp:featuredmedia":[{"embeddable":true,"href":"https:\/\/benanna.ch\/fr\/wp-json\/wp\/v2\/media\/1446"}],"wp:attachment":[{"href":"https:\/\/benanna.ch\/fr\/wp-json\/wp\/v2\/media?parent=1445"}],"wp:term":[{"taxonomy":"product_brand","embeddable":true,"href":"https:\/\/benanna.ch\/fr\/wp-json\/wp\/v2\/product_brand?post=1445"},{"taxonomy":"product_cat","embeddable":true,"href":"https:\/\/benanna.ch\/fr\/wp-json\/wp\/v2\/product_cat?post=1445"},{"taxonomy":"product_tag","embeddable":true,"href":"https:\/\/benanna.ch\/fr\/wp-json\/wp\/v2\/product_tag?post=1445"}],"curies":[{"name":"wp","href":"https:\/\/api.w.org\/{rel}","templated":true}]}}