{"id":1433,"date":"2022-02-08T11:30:02","date_gmt":"2022-02-08T11:30:02","guid":{"rendered":"https:\/\/benanna.ch\/?post_type=product&#038;p=1433"},"modified":"2026-04-17T13:30:38","modified_gmt":"2026-04-17T13:30:38","slug":"persian-lime-deostick-natur","status":"publish","type":"product","link":"https:\/\/benanna.ch\/fr\/produkt\/persian-lime-deostick-natur\/","title":{"rendered":"PERSIAN LIME"},"content":{"rendered":"<p><\/p>\n<p>Le Persian Lime allie le parfum floral de l&rsquo;Orient \u00e0 la fra\u00eecheur du citron vert. Vous ne pourrez pas \u00e9chapper \u00e0 ce parfum. Doux gr\u00e2ce \u00e0 sa note florale et cependant fra\u00eechement p\u00e9tillant. Notre best-seller absolu. Pour ELLE et LUI !<\/p>\n<p>Tube en papier 40g.<\/p>\n<p><\/p>","protected":false},"excerpt":{"rendered":"<p>Le Persian Lime allie le parfum floral de l&rsquo;Orient \u00e0 la fra\u00eecheur du citron vert. Vous ne pourrez pas \u00e9chapper \u00e0 ce parfum. Doux gr\u00e2ce \u00e0 sa note florale et cependant fra\u00eechement p\u00e9tillant. Notre best-seller absolu. Pour ELLE et LUI ! Tube en papier 40g.<\/p>\n","protected":false},"featured_media":1434,"comment_status":"open","ping_status":"closed","template":"","meta":{"_acf_changed":false},"product_brand":[],"product_cat":[15],"product_tag":[],"class_list":{"0":"post-1433","1":"product","2":"type-product","3":"status-publish","4":"has-post-thumbnail","6":"product_cat-uncategorized","8":"first","9":"instock","10":"taxable","11":"shipping-taxable","12":"purchasable","13":"product-type-simple"},"acf":[],"_links":{"self":[{"href":"https:\/\/benanna.ch\/fr\/wp-json\/wp\/v2\/product\/1433","targetHints":{"allow":["GET"]}}],"collection":[{"href":"https:\/\/benanna.ch\/fr\/wp-json\/wp\/v2\/product"}],"about":[{"href":"https:\/\/benanna.ch\/fr\/wp-json\/wp\/v2\/types\/product"}],"replies":[{"embeddable":true,"href":"https:\/\/benanna.ch\/fr\/wp-json\/wp\/v2\/comments?post=1433"}],"wp:featuredmedia":[{"embeddable":true,"href":"https:\/\/benanna.ch\/fr\/wp-json\/wp\/v2\/media\/1434"}],"wp:attachment":[{"href":"https:\/\/benanna.ch\/fr\/wp-json\/wp\/v2\/media?parent=1433"}],"wp:term":[{"taxonomy":"product_brand","embeddable":true,"href":"https:\/\/benanna.ch\/fr\/wp-json\/wp\/v2\/product_brand?post=1433"},{"taxonomy":"product_cat","embeddable":true,"href":"https:\/\/benanna.ch\/fr\/wp-json\/wp\/v2\/product_cat?post=1433"},{"taxonomy":"product_tag","embeddable":true,"href":"https:\/\/benanna.ch\/fr\/wp-json\/wp\/v2\/product_tag?post=1433"}],"curies":[{"name":"wp","href":"https:\/\/api.w.org\/{rel}","templated":true}]}}