{"id":1423,"date":"2022-02-04T13:53:02","date_gmt":"2022-02-04T13:53:02","guid":{"rendered":"https:\/\/benanna.ch\/?post_type=product&#038;p=1423"},"modified":"2026-04-17T13:30:39","modified_gmt":"2026-04-17T13:30:39","slug":"equality-toothbrush-natur-zahnbuerste","status":"publish","type":"product","link":"https:\/\/benanna.ch\/fr\/produkt\/equality-toothbrush-natur-zahnbuerste\/","title":{"rendered":"Brosse \u00e0 dents \u00e9galit\u00e9"},"content":{"rendered":"<p>Nos brosses \u00e0 dents respectueuses de l\u2019environnement sont fabriqu\u00e9es \u00e0 partir de bambou meso, une mati\u00e8re renouvelable cultiv\u00e9e sans engrais ni pesticides. L\u2019emballage est en carton et la t\u00eate de la brosse est en nylon recycl\u00e9 sans BPA. Les arcs-en-ciel symbolisent la tol\u00e9rance et l\u2019engagement pour davantage d\u2019\u00e9galit\u00e9 et de justice. Sur nos brosses \u00e0 dents sont inscrits les textes BEN &amp; BEN, BEN &amp; ANNA, ANNA &amp; ANNA.<\/p>","protected":false},"excerpt":{"rendered":"<p>Nos brosses \u00e0 dents respectueuses de l\u2019environnement sont fabriqu\u00e9es \u00e0 partir de bambou meso, une mati\u00e8re renouvelable cultiv\u00e9e sans engrais ni pesticides. L\u2019emballage est en carton et la t\u00eate de la brosse est en nylon recycl\u00e9 sans BPA. Les arcs-en-ciel symbolisent la tol\u00e9rance et l\u2019engagement pour davantage d\u2019\u00e9galit\u00e9 et de justice. Sur nos brosses \u00e0 [&hellip;]<\/p>\n","protected":false},"featured_media":1424,"comment_status":"open","ping_status":"closed","template":"","meta":{"_acf_changed":false},"product_brand":[],"product_cat":[15],"product_tag":[],"class_list":{"0":"post-1423","1":"product","2":"type-product","3":"status-publish","4":"has-post-thumbnail","6":"product_cat-uncategorized","8":"first","9":"instock","10":"taxable","11":"shipping-taxable","12":"purchasable","13":"product-type-variable"},"acf":[],"_links":{"self":[{"href":"https:\/\/benanna.ch\/fr\/wp-json\/wp\/v2\/product\/1423","targetHints":{"allow":["GET"]}}],"collection":[{"href":"https:\/\/benanna.ch\/fr\/wp-json\/wp\/v2\/product"}],"about":[{"href":"https:\/\/benanna.ch\/fr\/wp-json\/wp\/v2\/types\/product"}],"replies":[{"embeddable":true,"href":"https:\/\/benanna.ch\/fr\/wp-json\/wp\/v2\/comments?post=1423"}],"wp:featuredmedia":[{"embeddable":true,"href":"https:\/\/benanna.ch\/fr\/wp-json\/wp\/v2\/media\/1424"}],"wp:attachment":[{"href":"https:\/\/benanna.ch\/fr\/wp-json\/wp\/v2\/media?parent=1423"}],"wp:term":[{"taxonomy":"product_brand","embeddable":true,"href":"https:\/\/benanna.ch\/fr\/wp-json\/wp\/v2\/product_brand?post=1423"},{"taxonomy":"product_cat","embeddable":true,"href":"https:\/\/benanna.ch\/fr\/wp-json\/wp\/v2\/product_cat?post=1423"},{"taxonomy":"product_tag","embeddable":true,"href":"https:\/\/benanna.ch\/fr\/wp-json\/wp\/v2\/product_tag?post=1423"}],"curies":[{"name":"wp","href":"https:\/\/api.w.org\/{rel}","templated":true}]}}