{"id":1403,"date":"2022-02-04T13:34:16","date_gmt":"2022-02-04T13:34:16","guid":{"rendered":"https:\/\/benanna.ch\/?post_type=product&#038;p=1403"},"modified":"2026-04-17T13:30:38","modified_gmt":"2026-04-17T13:30:38","slug":"handcreme-intensive","status":"publish","type":"product","link":"https:\/\/benanna.ch\/fr\/produkt\/handcreme-intensive\/","title":{"rendered":"CR\u00c8ME MAINS POUR SOIN INTENSIF"},"content":{"rendered":"<p>Contient de l\u2019huile d\u2019avocat riche. La cr\u00e8me pour les mains pour soin intensif soignera vos mains naturellement gr\u00e2ce \u00e0 ses pr\u00e9cieuses vertus. Sa texture riche p\u00e9n\u00e8tre rapidement dans la peau sans laisser de pellicule grasse. L\u2019huile d\u2019avocat de haute qualit\u00e9 les hydratera intens\u00e9ment gr\u00e2ce aux acides gras non satur\u00e9s. Les vitamines A et E estomperont les petits ridules.<\/p>","protected":false},"excerpt":{"rendered":"<p>Contient de l\u2019huile d\u2019avocat riche. La cr\u00e8me pour les mains pour soin intensif soignera vos mains naturellement gr\u00e2ce \u00e0 ses pr\u00e9cieuses vertus. Sa texture riche p\u00e9n\u00e8tre rapidement dans la peau sans laisser de pellicule grasse. L\u2019huile d\u2019avocat de haute qualit\u00e9 les hydratera intens\u00e9ment gr\u00e2ce aux acides gras non satur\u00e9s. Les vitamines A et E estomperont [&hellip;]<\/p>\n","protected":false},"featured_media":1391,"comment_status":"open","ping_status":"closed","template":"","meta":{"_acf_changed":false},"product_brand":[],"product_cat":[15],"product_tag":[],"class_list":{"0":"post-1403","1":"product","2":"type-product","3":"status-publish","4":"has-post-thumbnail","6":"product_cat-uncategorized","8":"first","9":"instock","10":"taxable","11":"shipping-taxable","12":"purchasable","13":"product-type-simple"},"acf":[],"_links":{"self":[{"href":"https:\/\/benanna.ch\/fr\/wp-json\/wp\/v2\/product\/1403","targetHints":{"allow":["GET"]}}],"collection":[{"href":"https:\/\/benanna.ch\/fr\/wp-json\/wp\/v2\/product"}],"about":[{"href":"https:\/\/benanna.ch\/fr\/wp-json\/wp\/v2\/types\/product"}],"replies":[{"embeddable":true,"href":"https:\/\/benanna.ch\/fr\/wp-json\/wp\/v2\/comments?post=1403"}],"wp:featuredmedia":[{"embeddable":true,"href":"https:\/\/benanna.ch\/fr\/wp-json\/wp\/v2\/media\/1391"}],"wp:attachment":[{"href":"https:\/\/benanna.ch\/fr\/wp-json\/wp\/v2\/media?parent=1403"}],"wp:term":[{"taxonomy":"product_brand","embeddable":true,"href":"https:\/\/benanna.ch\/fr\/wp-json\/wp\/v2\/product_brand?post=1403"},{"taxonomy":"product_cat","embeddable":true,"href":"https:\/\/benanna.ch\/fr\/wp-json\/wp\/v2\/product_cat?post=1403"},{"taxonomy":"product_tag","embeddable":true,"href":"https:\/\/benanna.ch\/fr\/wp-json\/wp\/v2\/product_tag?post=1403"}],"curies":[{"name":"wp","href":"https:\/\/api.w.org\/{rel}","templated":true}]}}