{"id":1402,"date":"2022-02-04T13:33:31","date_gmt":"2022-02-04T13:33:31","guid":{"rendered":"https:\/\/benanna.ch\/?post_type=product&#038;p=1402"},"modified":"2026-04-17T13:30:38","modified_gmt":"2026-04-17T13:30:38","slug":"natur-handcreme","status":"publish","type":"product","link":"https:\/\/benanna.ch\/fr\/produkt\/natur-handcreme\/","title":{"rendered":"CR\u00c8ME MAINS POUR SOIN QUOTIDIEN"},"content":{"rendered":"<p>Contient de l\u2019huile d\u2019amande nourrissante. La cr\u00e8me pour les mains pour soin quotidien et sa formule l\u00e9g\u00e8re prendront soin de vos mains naturellement. L\u2019huile d\u2019amande les hydratera intens\u00e9ment et les rendra toutes douces, toute la journ\u00e9e. L\u2019emballage est \u00e9cologique et le produit est, bien s\u00fbr, non test\u00e9 sur les animaux. Faites-vous du bien, et en m\u00eame temps, faites du bien \u00e0 l\u2019environnement.<\/p>","protected":false},"excerpt":{"rendered":"<p>Contient de l\u2019huile d\u2019amande nourrissante. La cr\u00e8me pour les mains pour soin quotidien et sa formule l\u00e9g\u00e8re prendront soin de vos mains naturellement. L\u2019huile d\u2019amande les hydratera intens\u00e9ment et les rendra toutes douces, toute la journ\u00e9e. L\u2019emballage est \u00e9cologique et le produit est, bien s\u00fbr, non test\u00e9 sur les animaux. Faites-vous du bien, et en [&hellip;]<\/p>\n","protected":false},"featured_media":1390,"comment_status":"open","ping_status":"closed","template":"","meta":{"_acf_changed":false},"product_brand":[],"product_cat":[15],"product_tag":[],"class_list":{"0":"post-1402","1":"product","2":"type-product","3":"status-publish","4":"has-post-thumbnail","6":"product_cat-uncategorized","8":"first","9":"instock","10":"taxable","11":"shipping-taxable","12":"purchasable","13":"product-type-simple"},"acf":[],"_links":{"self":[{"href":"https:\/\/benanna.ch\/fr\/wp-json\/wp\/v2\/product\/1402","targetHints":{"allow":["GET"]}}],"collection":[{"href":"https:\/\/benanna.ch\/fr\/wp-json\/wp\/v2\/product"}],"about":[{"href":"https:\/\/benanna.ch\/fr\/wp-json\/wp\/v2\/types\/product"}],"replies":[{"embeddable":true,"href":"https:\/\/benanna.ch\/fr\/wp-json\/wp\/v2\/comments?post=1402"}],"wp:featuredmedia":[{"embeddable":true,"href":"https:\/\/benanna.ch\/fr\/wp-json\/wp\/v2\/media\/1390"}],"wp:attachment":[{"href":"https:\/\/benanna.ch\/fr\/wp-json\/wp\/v2\/media?parent=1402"}],"wp:term":[{"taxonomy":"product_brand","embeddable":true,"href":"https:\/\/benanna.ch\/fr\/wp-json\/wp\/v2\/product_brand?post=1402"},{"taxonomy":"product_cat","embeddable":true,"href":"https:\/\/benanna.ch\/fr\/wp-json\/wp\/v2\/product_cat?post=1402"},{"taxonomy":"product_tag","embeddable":true,"href":"https:\/\/benanna.ch\/fr\/wp-json\/wp\/v2\/product_tag?post=1402"}],"curies":[{"name":"wp","href":"https:\/\/api.w.org\/{rel}","templated":true}]}}