{"id":1396,"date":"2022-02-04T13:24:16","date_gmt":"2022-02-04T13:24:16","guid":{"rendered":"https:\/\/benanna.ch\/?post_type=product&#038;p=1396"},"modified":"2026-04-17T13:30:38","modified_gmt":"2026-04-17T13:30:38","slug":"love-soap-elmswood-shampoo-fuer-gesundes-haar","status":"publish","type":"product","link":"https:\/\/benanna.ch\/fr\/produkt\/love-soap-elmswood-shampoo-fuer-gesundes-haar\/","title":{"rendered":"SAVON LOVE elmswood"},"content":{"rendered":"<p>Un produit naturel pour le corps et les cheveux. Fort, \u00e9pic\u00e9 et bois\u00e9, le Love Soap ne vous procurera pas seulement une exp\u00e9rience de douche agr\u00e9able, mais il pourra \u00e9galement \u00eatre utilis\u00e9 comme shampoing pour obtenir des cheveux forts, sains et faciles \u00e0 d\u00e9m\u00ealer. V\u00e9gan et 100% naturel.<\/p>","protected":false},"excerpt":{"rendered":"<p>Un produit naturel pour le corps et les cheveux. Fort, \u00e9pic\u00e9 et bois\u00e9, le Love Soap ne vous procurera pas seulement une exp\u00e9rience de douche agr\u00e9able, mais il pourra \u00e9galement \u00eatre utilis\u00e9 comme shampoing pour obtenir des cheveux forts, sains et faciles \u00e0 d\u00e9m\u00ealer. V\u00e9gan et 100% naturel.<\/p>\n","protected":false},"featured_media":1384,"comment_status":"open","ping_status":"closed","template":"","meta":{"_acf_changed":false},"product_brand":[],"product_cat":[15],"product_tag":[],"class_list":{"0":"post-1396","1":"product","2":"type-product","3":"status-publish","4":"has-post-thumbnail","6":"product_cat-uncategorized","8":"first","9":"instock","10":"taxable","11":"shipping-taxable","12":"purchasable","13":"product-type-simple"},"acf":[],"_links":{"self":[{"href":"https:\/\/benanna.ch\/fr\/wp-json\/wp\/v2\/product\/1396","targetHints":{"allow":["GET"]}}],"collection":[{"href":"https:\/\/benanna.ch\/fr\/wp-json\/wp\/v2\/product"}],"about":[{"href":"https:\/\/benanna.ch\/fr\/wp-json\/wp\/v2\/types\/product"}],"replies":[{"embeddable":true,"href":"https:\/\/benanna.ch\/fr\/wp-json\/wp\/v2\/comments?post=1396"}],"wp:featuredmedia":[{"embeddable":true,"href":"https:\/\/benanna.ch\/fr\/wp-json\/wp\/v2\/media\/1384"}],"wp:attachment":[{"href":"https:\/\/benanna.ch\/fr\/wp-json\/wp\/v2\/media?parent=1396"}],"wp:term":[{"taxonomy":"product_brand","embeddable":true,"href":"https:\/\/benanna.ch\/fr\/wp-json\/wp\/v2\/product_brand?post=1396"},{"taxonomy":"product_cat","embeddable":true,"href":"https:\/\/benanna.ch\/fr\/wp-json\/wp\/v2\/product_cat?post=1396"},{"taxonomy":"product_tag","embeddable":true,"href":"https:\/\/benanna.ch\/fr\/wp-json\/wp\/v2\/product_tag?post=1396"}],"curies":[{"name":"wp","href":"https:\/\/api.w.org\/{rel}","templated":true}]}}