{"id":1393,"date":"2022-02-04T13:23:24","date_gmt":"2022-02-04T13:23:24","guid":{"rendered":"https:\/\/benanna.ch\/?post_type=product&#038;p=1393"},"modified":"2026-04-17T13:30:39","modified_gmt":"2026-04-17T13:30:39","slug":"love-soap-berry-natur-haarconditioner","status":"publish","type":"product","link":"https:\/\/benanna.ch\/fr\/produkt\/love-soap-berry-natur-haarconditioner\/","title":{"rendered":"SAVON LOVE VERY BERRY"},"content":{"rendered":"<p>Un apr\u00e8s-shampoing rose pour des beaux cheveux soign\u00e9s, au parfum fruit\u00e9 des baies. Des ingr\u00e9dients soignants, comme le beurre de cacao et l\u2019huile de ricin prot\u00e8gent et nourrissent les cheveux, pour les prot\u00e9ger des agents nocifs. Les cheveux seront soyeux, brillants et faciles \u00e0 d\u00e9m\u00ealer. V\u00e9gan et 100% naturel.<\/p>","protected":false},"excerpt":{"rendered":"<p>Un apr\u00e8s-shampoing rose pour des beaux cheveux soign\u00e9s, au parfum fruit\u00e9 des baies. Des ingr\u00e9dients soignants, comme le beurre de cacao et l\u2019huile de ricin prot\u00e8gent et nourrissent les cheveux, pour les prot\u00e9ger des agents nocifs. Les cheveux seront soyeux, brillants et faciles \u00e0 d\u00e9m\u00ealer. V\u00e9gan et 100% naturel.<\/p>\n","protected":false},"featured_media":1383,"comment_status":"open","ping_status":"closed","template":"","meta":{"_acf_changed":false},"product_brand":[],"product_cat":[15],"product_tag":[],"class_list":{"0":"post-1393","1":"product","2":"type-product","3":"status-publish","4":"has-post-thumbnail","6":"product_cat-uncategorized","8":"first","9":"instock","10":"taxable","11":"shipping-taxable","12":"purchasable","13":"product-type-simple"},"acf":[],"_links":{"self":[{"href":"https:\/\/benanna.ch\/fr\/wp-json\/wp\/v2\/product\/1393","targetHints":{"allow":["GET"]}}],"collection":[{"href":"https:\/\/benanna.ch\/fr\/wp-json\/wp\/v2\/product"}],"about":[{"href":"https:\/\/benanna.ch\/fr\/wp-json\/wp\/v2\/types\/product"}],"replies":[{"embeddable":true,"href":"https:\/\/benanna.ch\/fr\/wp-json\/wp\/v2\/comments?post=1393"}],"wp:featuredmedia":[{"embeddable":true,"href":"https:\/\/benanna.ch\/fr\/wp-json\/wp\/v2\/media\/1383"}],"wp:attachment":[{"href":"https:\/\/benanna.ch\/fr\/wp-json\/wp\/v2\/media?parent=1393"}],"wp:term":[{"taxonomy":"product_brand","embeddable":true,"href":"https:\/\/benanna.ch\/fr\/wp-json\/wp\/v2\/product_brand?post=1393"},{"taxonomy":"product_cat","embeddable":true,"href":"https:\/\/benanna.ch\/fr\/wp-json\/wp\/v2\/product_cat?post=1393"},{"taxonomy":"product_tag","embeddable":true,"href":"https:\/\/benanna.ch\/fr\/wp-json\/wp\/v2\/product_tag?post=1393"}],"curies":[{"name":"wp","href":"https:\/\/api.w.org\/{rel}","templated":true}]}}