{"id":1392,"date":"2022-02-04T13:22:35","date_gmt":"2022-02-04T13:22:35","guid":{"rendered":"https:\/\/benanna.ch\/?post_type=product&#038;p=1392"},"modified":"2026-04-17T13:30:39","modified_gmt":"2026-04-17T13:30:39","slug":"love-soap-oriental-magic-feste-duschseife","status":"publish","type":"product","link":"https:\/\/benanna.ch\/fr\/produkt\/love-soap-oriental-magic-feste-duschseife\/","title":{"rendered":"SAVON LOVE oriental magic"},"content":{"rendered":"<p>Shampoing &amp; gel douche doux, jaune-miel. V\u00e9gan, au beurre de cacao et au parfum oriental. Le savon de douche solides procure une agr\u00e9able sensation de fra\u00eecheur et hydrate la peau. Il peut \u00e9galement \u00eatre utilis\u00e9 comme shampoing soignant pour des cheveux fortifi\u00e9s et sains, qui, au contraire d\u2019autres shampoings, fait en sorte que les cheveux puissent \u00eatre d\u00e9m\u00eal\u00e9s facilement. V\u00e9gan et 100% naturel.<\/p>","protected":false},"excerpt":{"rendered":"<p>Shampoing &amp; gel douche doux, jaune-miel. V\u00e9gan, au beurre de cacao et au parfum oriental. Le savon de douche solides procure une agr\u00e9able sensation de fra\u00eecheur et hydrate la peau. Il peut \u00e9galement \u00eatre utilis\u00e9 comme shampoing soignant pour des cheveux fortifi\u00e9s et sains, qui, au contraire d\u2019autres shampoings, fait en sorte que les cheveux [&hellip;]<\/p>\n","protected":false},"featured_media":1382,"comment_status":"open","ping_status":"closed","template":"","meta":{"_acf_changed":false},"product_brand":[],"product_cat":[15],"product_tag":[],"class_list":{"0":"post-1392","1":"product","2":"type-product","3":"status-publish","4":"has-post-thumbnail","6":"product_cat-uncategorized","8":"first","9":"instock","10":"taxable","11":"shipping-taxable","12":"purchasable","13":"product-type-simple"},"acf":[],"_links":{"self":[{"href":"https:\/\/benanna.ch\/fr\/wp-json\/wp\/v2\/product\/1392","targetHints":{"allow":["GET"]}}],"collection":[{"href":"https:\/\/benanna.ch\/fr\/wp-json\/wp\/v2\/product"}],"about":[{"href":"https:\/\/benanna.ch\/fr\/wp-json\/wp\/v2\/types\/product"}],"replies":[{"embeddable":true,"href":"https:\/\/benanna.ch\/fr\/wp-json\/wp\/v2\/comments?post=1392"}],"wp:featuredmedia":[{"embeddable":true,"href":"https:\/\/benanna.ch\/fr\/wp-json\/wp\/v2\/media\/1382"}],"wp:attachment":[{"href":"https:\/\/benanna.ch\/fr\/wp-json\/wp\/v2\/media?parent=1392"}],"wp:term":[{"taxonomy":"product_brand","embeddable":true,"href":"https:\/\/benanna.ch\/fr\/wp-json\/wp\/v2\/product_brand?post=1392"},{"taxonomy":"product_cat","embeddable":true,"href":"https:\/\/benanna.ch\/fr\/wp-json\/wp\/v2\/product_cat?post=1392"},{"taxonomy":"product_tag","embeddable":true,"href":"https:\/\/benanna.ch\/fr\/wp-json\/wp\/v2\/product_tag?post=1392"}],"curies":[{"name":"wp","href":"https:\/\/api.w.org\/{rel}","templated":true}]}}