{"id":1380,"date":"2022-02-04T13:21:26","date_gmt":"2022-02-04T13:21:26","guid":{"rendered":"https:\/\/benanna.ch\/?post_type=product&#038;p=1380"},"modified":"2026-04-17T13:30:39","modified_gmt":"2026-04-17T13:30:39","slug":"love-soap-lemongrass-festes-shampoo","status":"publish","type":"product","link":"https:\/\/benanna.ch\/fr\/produkt\/love-soap-lemongrass-festes-shampoo\/","title":{"rendered":"SAVON LOVE LEMONGRASS"},"content":{"rendered":"<p>Shampoing solide pour des cheveux beaux et brillants. Le beurre de cacao et le curcuma nettoient et soignent les cheveux, et les rendent faciles \u00e0 d\u00e9m\u00ealer. La fragrance du lemongrass et de la vanille parfumera agr\u00e9ablement vos cheveux. V\u00e9gan et 100% naturel.<\/p>","protected":false},"excerpt":{"rendered":"<p>Shampoing solide pour des cheveux beaux et brillants. Le beurre de cacao et le curcuma nettoient et soignent les cheveux, et les rendent faciles \u00e0 d\u00e9m\u00ealer. La fragrance du lemongrass et de la vanille parfumera agr\u00e9ablement vos cheveux. V\u00e9gan et 100% naturel.<\/p>\n","protected":false},"featured_media":1381,"comment_status":"open","ping_status":"closed","template":"","meta":{"_acf_changed":false},"product_brand":[],"product_cat":[15],"product_tag":[],"class_list":{"0":"post-1380","1":"product","2":"type-product","3":"status-publish","4":"has-post-thumbnail","6":"product_cat-uncategorized","8":"first","9":"instock","10":"taxable","11":"shipping-taxable","12":"purchasable","13":"product-type-simple"},"acf":[],"_links":{"self":[{"href":"https:\/\/benanna.ch\/fr\/wp-json\/wp\/v2\/product\/1380","targetHints":{"allow":["GET"]}}],"collection":[{"href":"https:\/\/benanna.ch\/fr\/wp-json\/wp\/v2\/product"}],"about":[{"href":"https:\/\/benanna.ch\/fr\/wp-json\/wp\/v2\/types\/product"}],"replies":[{"embeddable":true,"href":"https:\/\/benanna.ch\/fr\/wp-json\/wp\/v2\/comments?post=1380"}],"wp:featuredmedia":[{"embeddable":true,"href":"https:\/\/benanna.ch\/fr\/wp-json\/wp\/v2\/media\/1381"}],"wp:attachment":[{"href":"https:\/\/benanna.ch\/fr\/wp-json\/wp\/v2\/media?parent=1380"}],"wp:term":[{"taxonomy":"product_brand","embeddable":true,"href":"https:\/\/benanna.ch\/fr\/wp-json\/wp\/v2\/product_brand?post=1380"},{"taxonomy":"product_cat","embeddable":true,"href":"https:\/\/benanna.ch\/fr\/wp-json\/wp\/v2\/product_cat?post=1380"},{"taxonomy":"product_tag","embeddable":true,"href":"https:\/\/benanna.ch\/fr\/wp-json\/wp\/v2\/product_tag?post=1380"}],"curies":[{"name":"wp","href":"https:\/\/api.w.org\/{rel}","templated":true}]}}