{"id":69,"date":"2018-11-25T10:11:25","date_gmt":"2018-11-25T10:11:25","guid":{"rendered":"https:\/\/benanna.ch\/?page_id=69"},"modified":"2024-12-10T14:12:04","modified_gmt":"2024-12-10T14:12:04","slug":"datenschutz","status":"publish","type":"page","link":"https:\/\/benanna.ch\/fr\/datenschutz\/","title":{"rendered":"Protection des donn\u00e9es"},"content":{"rendered":"<p>Nous sommes heureux que vous visitiez notre site web. La protection de vos donn\u00e9es personnelles est importante pour nous. Par la pr\u00e9sente d\u00e9claration de protection des donn\u00e9es, nous vous informons de l&rsquo;\u00e9tendue et de la finalit\u00e9 des donn\u00e9es personnelles que nous collectons, utilisons et traitons.<\/p>\n<h4><strong>1. Contact<\/strong><\/h4>\n<p>La soci\u00e9t\u00e9 Ducos GmbH est l\u2019op\u00e9ratrice du site Web www.benanna.ch et est responsable de la collecte, du traitement et de l&rsquo;utilisation de vos donn\u00e9es conform\u00e9ment \u00e0 la loi f\u00e9d\u00e9rale sur la protection des donn\u00e9es. Vous pouvez nous contacter \u00e0 l&rsquo;adresse suivante : Ducos GmbH, Eschenring 3, 6300 Zug, info@ducos.ch<\/p>\n<h4><strong>2. La collecte de donn\u00e9es<\/strong><\/h4>\n<p>Lorsque vous visitez notre site Web, les donn\u00e9es transmises par votre navigateur sont automatiquement enregistr\u00e9es. Cela se fait dans un protocole (Server-Logfiles), tels que:<\/p>\n<ul>\n<li>adresse IP<\/li>\n<li>emplacement approximatif bas\u00e9 sur la plage IP<\/li>\n<li>fournisseur Internet<\/li>\n<li>d\u00e9bit internet<\/li>\n<li>date et heure<\/li>\n<li>dernier site visit\u00e9<\/li>\n<li>navigateur<\/li>\n<li>syst\u00e8me d&rsquo;exploitation<\/li>\n<li>hardware<\/li>\n<\/ul>\n<p>Ces donn\u00e9es ne nous permettent pas de tirer des conclusions sur votre personne. Elles ne sont \u00e9valu\u00e9es que pour assurer le bon fonctionnement du site, la s\u00e9curit\u00e9 et l&rsquo;optimisation de l&rsquo;offre.<\/p>\n<h4><strong>3. Donn\u00e9es personnelles<\/strong><\/h4>\n<p>Les donn\u00e9es personnelles sont des donn\u00e9es qui permettent de tirer des conclusions sur une personne en particulier. Celles-ci nous seront communiqu\u00e9es volontairement par vous-m\u00eame dans le cadre de la prise de contact avec nous par le formulaire de contact ou par e-mail. Ces donn\u00e9es ne seront pas transmises \u00e0 des tiers.<\/p>\n<h4><strong>4. Les cookies<\/strong><\/h4>\n<p>Afin de rendre la visite de notre site Web attrayante et de permettre l&rsquo;utilisation de certaines fonctions, nous utilisons des cookies sur diff\u00e9rentes pages. Les cookies sont de petits fichiers texte qui sont g\u00e9n\u00e9ralement stock\u00e9s dans un dossier de votre navigateur. Les cookies contiennent des informations sur la visite en cours ou la derni\u00e8re visite sur le site Web :<\/p>\n<ul>\n<li>nom du site Web<\/li>\n<li>date d&rsquo;expiration du cookie<\/li>\n<li>valeur arbitraire<\/li>\n<\/ul>\n<p>Si les cookies ne contiennent pas de date d&rsquo;expiration exacte, ils ne sont stock\u00e9s que temporairement et sont automatiquement supprim\u00e9s d\u00e8s que vous fermez votre navigateur ou red\u00e9marrez votre ordinateur. Les cookies ayant une date d&rsquo;expiration restent stock\u00e9s m\u00eame si vous fermez votre navigateur ou red\u00e9marrez votre ordinateur. Ces cookies ne sont supprim\u00e9s qu&rsquo;\u00e0 la date sp\u00e9cifi\u00e9e ou si vous les supprimez manuellement. Vous pouvez configurer, bloquer et supprimer les cookies dans les param\u00e8tres de votre navigateur. Si vous supprimez tous les cookies de notre site Web, il se peut que certaines fonctions du site Web ne s&rsquo;afficheront pas correctement.<\/p>\n<h4><strong>5. Google Analytics<\/strong><\/h4>\n<p>Ce site Web utilise les fonctions du service d&rsquo;analyse Web Google Analytics. Le fournisseur est Google Inc. 1600 Amphitheatre Parkway Mountain View, CA 94043, USA. Google Analytics utilise des cookies. Les informations g\u00e9n\u00e9r\u00e9es par les cookies concernant votre utilisation de ce site Web sont g\u00e9n\u00e9ralement transmises et stock\u00e9es par Google sur des serveurs situ\u00e9s aux \u00c9tats-Unis. Pour le compte de l&rsquo;exploitant de ce site Web, Google utilisera ces informations pour \u00e9valuer votre utilisation du site Web, pour \u00e9tablir des rapports sur l&rsquo;activit\u00e9 du site Web et pour fournir d&rsquo;autres services li\u00e9s \u00e0 l&rsquo;activit\u00e9 du site Web et \u00e0 l&rsquo;utilisation d&rsquo;Internet \u00e0 l&rsquo;exploitant du site. L&rsquo;adresse IP transmise par votre navigateur dans le cadre de Google Analytics n&rsquo;est pas combin\u00e9e avec d&rsquo;autres donn\u00e9es de Google. Vous pouvez refuser l&rsquo;utilisation de cookies en s\u00e9lectionnant les param\u00e8tres appropri\u00e9s de votre navigateur, mais veuillez noter que si vous le faites, vous ne pourrez peut-\u00eatre pas utiliser toutes les fonctionnalit\u00e9s de ce site. Vous pouvez \u00e9galement configurer votre navigateur pour qu&rsquo;il refuse les cookies ou vous pouvez emp\u00eacher Google de collecter et d&rsquo;analyser des donn\u00e9es en t\u00e9l\u00e9chargeant et en installant un plug-in de navigateur (https:\/\/tools.google.com\/dlpage\/gaoptout?hl=fr) de Google.<\/p>\n<h4><strong>6. Remarketing Facebook<\/strong><\/h4>\n<p>Nous utilisons les fonctions de remarketing de Facebook Inc, 1601 S. California Ave, Palo Alto, CA 94304, USA (\u00ab\u00a0Facebook\u00a0\u00bb) sur le site. Cette fonction permet au fournisseur de cibler les visiteurs de son site Web avec une publicit\u00e9 cibl\u00e9e en pla\u00e7ant des annonces personnalis\u00e9es sur Facebook en fonction des int\u00e9r\u00eats des visiteurs du site lorsqu&rsquo;ils visitent le r\u00e9seau social Facebook. Le tag remarketing de Facebook est impl\u00e9ment\u00e9 sur notre site web pour r\u00e9aliser cette fonction. Ces balises \u00e9tablissent une connexion directe avec les serveurs Facebook lorsque vous visitez le site Web. Cela indiquera au serveur Facebook quelles pages Internet vous avez visit\u00e9es. Facebook associe ces informations \u00e0 votre compte utilisateur personnel Facebook. Pour plus d&rsquo;informations sur la collecte et l&rsquo;utilisation de ces informations par Facebook, vos droits \u00e0 cet \u00e9gard et la mani\u00e8re dont vous pouvez prot\u00e9ger votre vie priv\u00e9e, veuillez consulter la politique de confidentialit\u00e9 de Facebook sur https:\/\/www.facebook.com\/about\/privacy\/. Si vous ne souhaitez pas que Facebook associe les informations collect\u00e9es directement \u00e0 votre compte utilisateur Facebook, vous pouvez d\u00e9sactiver la fonction de remarketing \u00ab\u00a0Custom Audiences\u00a0\u00bb ici. Pour ce faire, il faut avoir un compte Facebook. Pour prot\u00e9ger votre vie priv\u00e9e, c&rsquo;est \u00e0 vous de d\u00e9cider si les informations collect\u00e9es peuvent \u00eatre directement affect\u00e9es \u00e0 votre compte utilisateur Facebook en d\u00e9sactivant la fonction de remarketing \u00ab\u00a0Custums Audiences\u00a0\u00bb ici. Pour ce faire, il faut avoit un compte Facebook.<\/p>\n<h4><strong>7. Liens vers des contenus externes<\/strong><\/h4>\n<p>Le site www.benanna.ch peut contenir des liens vers des sites externes. La soci\u00e9t\u00e9 Ducos GmbH d\u00e9cline toute responsabilit\u00e9 quant \u00e0 la protection des donn\u00e9es de ces sites Internet.<\/p>\n<h4><strong>8. Publication des donn\u00e9es<\/strong><\/h4>\n<p>Ducos GmbH ne divulguera aucune donn\u00e9e personnelle \u00e0 des tiers sans votre consentement \u00e9crit, \u00e0 moins que la loi ou la r\u00e9glementation ne l&rsquo;exige.<\/p>\n<p><b>9. Conditions de participation aux jeux-concours<\/b><\/p>\n<p>Nous organisons r\u00e9guli\u00e8rement des jeux-concours sur nos r\u00e9seaux sociaux, tels que Facebook et Instagram. Dans le cadre de ces jeux-concours, nous collectons et traitons des donn\u00e9es personnelles n\u00e9cessaires \u00e0 la participation. Les conditions de participation s&rsquo;appliquent \u00e0 tous les jeux-concours, sauf indication contraire.<\/p>\n<p><b>\u00c9ligibilit\u00e9 \u00e0 la participation :<\/b> Sont \u00e9ligibles \u00e0 la participation les personnes physiques r\u00e9sidant en Suisse et ayant atteint l&rsquo;\u00e2ge de 18 ans. Les employ\u00e9s de Londontown ainsi que leurs proches sont exclus de la participation.<\/p>\n<p><b>D\u00e9roulement des jeux-concours :<\/b> Les conditions exactes de participation, le d\u00e9roulement et la dur\u00e9e de chaque jeu-concours sont expliqu\u00e9s dans la publication correspondante ou sur la page d\u00e9di\u00e9e au jeu-concours. La participation se fait exclusivement via la plateforme indiqu\u00e9e et dans le respect des conditions mentionn\u00e9es.<\/p>\n<p><b>Utilisation des donn\u00e9es :<\/b> Les donn\u00e9es collect\u00e9es dans le cadre du jeu-concours sont utilis\u00e9es exclusivement pour la r\u00e9alisation et la gestion du jeu-concours. Cela inclut notamment la prise de contact avec les gagnants.<\/p>\n<p><b>Remise des prix :<\/b> Le prix ne peut \u00eatre converti en esp\u00e8ces et n&rsquo;est pas transf\u00e9rable. Tout recours juridique est exclu.<\/p>\n<p><b>Base juridique et responsabilit\u00e9 :<\/b> Tous les jeux-concours sont soumis exclusivement au droit suisse. Ducos GmbH d\u00e9cline toute responsabilit\u00e9 pour les probl\u00e8mes techniques pouvant emp\u00eacher la participation au jeu-concours.<\/p>\n<p>En participant au jeu-concours, les participants acceptent ces conditions de participation.<\/p>\n<p>Date de la d\u00e9claration de confidentialit\u00e9 : 21 novembre 2024<\/p>","protected":false},"excerpt":{"rendered":"<p>Nous sommes heureux que vous visitiez notre site web. La protection de vos donn\u00e9es personnelles est importante pour nous. Par la pr\u00e9sente d\u00e9claration de protection des donn\u00e9es, nous vous informons de l&rsquo;\u00e9tendue et de la finalit\u00e9 des donn\u00e9es personnelles que nous collectons, utilisons et traitons. 1. Contact La soci\u00e9t\u00e9 Ducos GmbH est l\u2019op\u00e9ratrice du site [&hellip;]<\/p>\n","protected":false},"author":15,"featured_media":0,"parent":0,"menu_order":0,"comment_status":"closed","ping_status":"open","template":"","meta":{"_acf_changed":false,"footnotes":""},"class_list":["post-69","page","type-page","status-publish","hentry"],"acf":[],"_links":{"self":[{"href":"https:\/\/benanna.ch\/fr\/wp-json\/wp\/v2\/pages\/69","targetHints":{"allow":["GET"]}}],"collection":[{"href":"https:\/\/benanna.ch\/fr\/wp-json\/wp\/v2\/pages"}],"about":[{"href":"https:\/\/benanna.ch\/fr\/wp-json\/wp\/v2\/types\/page"}],"author":[{"embeddable":true,"href":"https:\/\/benanna.ch\/fr\/wp-json\/wp\/v2\/users\/15"}],"replies":[{"embeddable":true,"href":"https:\/\/benanna.ch\/fr\/wp-json\/wp\/v2\/comments?post=69"}],"version-history":[{"count":7,"href":"https:\/\/benanna.ch\/fr\/wp-json\/wp\/v2\/pages\/69\/revisions"}],"predecessor-version":[{"id":4829,"href":"https:\/\/benanna.ch\/fr\/wp-json\/wp\/v2\/pages\/69\/revisions\/4829"}],"wp:attachment":[{"href":"https:\/\/benanna.ch\/fr\/wp-json\/wp\/v2\/media?parent=69"}],"curies":[{"name":"wp","href":"https:\/\/api.w.org\/{rel}","templated":true}]}}