{"id":64,"date":"2018-11-25T09:20:42","date_gmt":"2018-11-25T09:20:42","guid":{"rendered":"https:\/\/benanna.ch\/?page_id=64"},"modified":"2025-04-15T18:37:43","modified_gmt":"2025-04-15T18:37:43","slug":"impressum","status":"publish","type":"page","link":"https:\/\/benanna.ch\/fr\/impressum\/","title":{"rendered":"Mentions l\u00e9gales"},"content":{"rendered":"<p><\/p>\n<div>Ducos GmbH<\/div>\n<div>Distributeur exclusif Suisse<\/div>\n<div>Eschenring 3<\/div>\n<div class=\"mb-2\">CH &#8211; 6300 Zoug<\/div>\n<hr \/>\n<div>T. +41 41 511 56 00<\/div>\n<div class=\"mb-2\">X. +41 41 511 56 03<\/div>\n<hr \/>\n<div>E-Mail:\u00a0<a href=\"mailto:care@ducos.ch\">care@ducos.ch<\/a><\/div>\n<div class=\"mb-2\">Web:\u00a0<a href=\"http:\/\/www.ducos.ch\/\" target=\"_blank\" rel=\"noopener\">www.ducos.ch<\/a><\/div>\n<hr \/>\n<p>N\u00b0 registre du commerce\u00a0: CH-170.4.011.189-2<br \/>\nN\u00b0 IDE\u00a0:\u00a0CHE-483.374.032<br \/>\nN\u00b0 TVA : CHE-483.374.032 MWST<\/p>\n<h4>Gestion<\/h4>\n<p>Siranusch Herzog<\/p>\n<h4>Droits d\u2019auteur<\/h4>\n<p>Le contenu du site Internet <a href=\"https:\/\/www.benanna.ch\">www.benanna.ch<\/a> est soumis au droit d\u2019auteur et ne peut \u00eatre diffus\u00e9, modifi\u00e9 ou copi\u00e9 en totalit\u00e9 ou en partie sans le consentement \u00e9crit pr\u00e9alable de Ducos GmbH. Les images figurant sur ce site ne peuvent \u00eatre utilis\u00e9es sans l\u2019autorisation \u00e9crite pr\u00e9alable de Ducos GmbH. Les images contenues sur les sites Web sont partiellement soumises aux droits d\u2019auteur de tiers.<\/p>\n<h4>Exclusion de responsabilit\u00e9<\/h4>\n<p>Malgr\u00e9 un contr\u00f4le minutieux du contenu, nous d\u00e9clinons toute responsabilit\u00e9 quant au contenu des liens externes. La responsabilit\u00e9 pour le contenu des pages li\u00e9es est assum\u00e9e exclusivement par l\u2019exploitant de ces pages. L\u2019ensemble des marques d\u00e9sign\u00e9es dans le site Internet et, le cas \u00e9ch\u00e9ant, prot\u00e9g\u00e9es par des tiers, est soumis sans aucune restriction aux dispositions des droits de marques de fabrique en vigueur et aux droits de propri\u00e9t\u00e9 du propri\u00e9taire inscrit. L\u2019affichage de marques d\u00e9pos\u00e9es dans les pages de ce site ne signifie pas n\u00e9cessairement que des droits d\u2019utilisation aient \u00e9t\u00e9 attribu\u00e9s \u00e0 une tierce personne.<\/p>","protected":false},"excerpt":{"rendered":"<p>Ducos GmbH Distributeur exclusif Suisse Eschenring 3 CH &#8211; 6300 Zoug T. +41 41 511 56 00 X. +41 41 511 56 03 E-Mail:\u00a0care@ducos.ch Web:\u00a0www.ducos.ch N\u00b0 registre du commerce\u00a0: CH-170.4.011.189-2 N\u00b0 IDE\u00a0:\u00a0CHE-483.374.032 N\u00b0 TVA : CHE-483.374.032 MWST Gestion Siranusch Herzog Droits d\u2019auteur Le contenu du site Internet www.benanna.ch est soumis au droit d\u2019auteur et ne [&hellip;]<\/p>\n","protected":false},"author":15,"featured_media":0,"parent":0,"menu_order":0,"comment_status":"closed","ping_status":"open","template":"","meta":{"_acf_changed":false,"footnotes":""},"class_list":["post-64","page","type-page","status-publish","hentry"],"acf":[],"_links":{"self":[{"href":"https:\/\/benanna.ch\/fr\/wp-json\/wp\/v2\/pages\/64","targetHints":{"allow":["GET"]}}],"collection":[{"href":"https:\/\/benanna.ch\/fr\/wp-json\/wp\/v2\/pages"}],"about":[{"href":"https:\/\/benanna.ch\/fr\/wp-json\/wp\/v2\/types\/page"}],"author":[{"embeddable":true,"href":"https:\/\/benanna.ch\/fr\/wp-json\/wp\/v2\/users\/15"}],"replies":[{"embeddable":true,"href":"https:\/\/benanna.ch\/fr\/wp-json\/wp\/v2\/comments?post=64"}],"version-history":[{"count":6,"href":"https:\/\/benanna.ch\/fr\/wp-json\/wp\/v2\/pages\/64\/revisions"}],"predecessor-version":[{"id":21501,"href":"https:\/\/benanna.ch\/fr\/wp-json\/wp\/v2\/pages\/64\/revisions\/21501"}],"wp:attachment":[{"href":"https:\/\/benanna.ch\/fr\/wp-json\/wp\/v2\/media?parent=64"}],"curies":[{"name":"wp","href":"https:\/\/api.w.org\/{rel}","templated":true}]}}