{"id":3760,"date":"2022-10-30T21:10:08","date_gmt":"2022-10-30T21:10:08","guid":{"rendered":"https:\/\/benanna.ch\/?page_id=3760"},"modified":"2025-02-04T12:40:55","modified_gmt":"2025-02-04T12:40:55","slug":"ben-anna-sale","status":"publish","type":"page","link":"https:\/\/benanna.ch\/fr\/ben-anna-sale\/","title":{"rendered":"Ben &#038; Anna SALE"},"content":{"rendered":"<p><strong>Aide-nous \u00e0 r\u00e9duire les d\u00e9chets ! La date de p\u00e9remption de ces produits est r\u00e9duite ou d\u00e9pass\u00e9e.<\/strong><br \/>\n<strong>ou d\u00e9j\u00e0 p\u00e9rim\u00e9e, mais ils peuvent \u00eatre conserv\u00e9s pendant un an \u00e0 compter de leur ouverture.<\/strong><\/p>","protected":false},"excerpt":{"rendered":"<p>Aide-nous \u00e0 r\u00e9duire les d\u00e9chets ! La date de p\u00e9remption de ces produits est r\u00e9duite ou d\u00e9pass\u00e9e. ou d\u00e9j\u00e0 p\u00e9rim\u00e9e, mais ils peuvent \u00eatre conserv\u00e9s pendant un an \u00e0 compter de leur ouverture.<\/p>\n","protected":false},"author":15,"featured_media":0,"parent":0,"menu_order":0,"comment_status":"closed","ping_status":"closed","template":"chemie-template.php","meta":{"_acf_changed":false,"footnotes":""},"class_list":["post-3760","page","type-page","status-publish","hentry"],"acf":[],"_links":{"self":[{"href":"https:\/\/benanna.ch\/fr\/wp-json\/wp\/v2\/pages\/3760","targetHints":{"allow":["GET"]}}],"collection":[{"href":"https:\/\/benanna.ch\/fr\/wp-json\/wp\/v2\/pages"}],"about":[{"href":"https:\/\/benanna.ch\/fr\/wp-json\/wp\/v2\/types\/page"}],"author":[{"embeddable":true,"href":"https:\/\/benanna.ch\/fr\/wp-json\/wp\/v2\/users\/15"}],"replies":[{"embeddable":true,"href":"https:\/\/benanna.ch\/fr\/wp-json\/wp\/v2\/comments?post=3760"}],"version-history":[{"count":11,"href":"https:\/\/benanna.ch\/fr\/wp-json\/wp\/v2\/pages\/3760\/revisions"}],"predecessor-version":[{"id":4888,"href":"https:\/\/benanna.ch\/fr\/wp-json\/wp\/v2\/pages\/3760\/revisions\/4888"}],"wp:attachment":[{"href":"https:\/\/benanna.ch\/fr\/wp-json\/wp\/v2\/media?parent=3760"}],"curies":[{"name":"wp","href":"https:\/\/api.w.org\/{rel}","templated":true}]}}