{"id":1430,"date":"2022-02-08T11:26:48","date_gmt":"2022-02-08T11:26:48","guid":{"rendered":"https:\/\/benanna.ch\/?page_id=1430"},"modified":"2026-01-05T09:34:38","modified_gmt":"2026-01-05T09:34:38","slug":"new-home","status":"publish","type":"page","link":"https:\/\/benanna.ch\/fr\/","title":{"rendered":"New home"},"content":{"rendered":"<p><\/p>\n<div class=\"text\">\n<h2 class=\"section-title\">\nBEN &#038; ANNA : produits naturels, v\u00e9gans et sans sels d\u2019aluminium<br \/>\n<\/h2>\n<div class=\"description\">\n<p>\nBen &#038; Anna ont d\u00e9velopp\u00e9 une gamme de d\u00e9odorants \u00e0 partir d\u2019ingr\u00e9dients exclusivement naturels et v\u00e9gans,\u00a0<b>tout en conservant l\u2019efficacit\u00e9<\/b>\u00a0d\u2019un d\u00e9odorant conventionnel et\u00a0<b>sa facilit\u00e9<\/b>\u00a0d\u2019utilisation. Le stick compact est tr\u00e8s facile \u00e0 utiliser.\n<\/p>\n<p>\nNo plastic. Nos d\u00e9odorants sont disponibles dans un tube en carton ou, sous forme de cr\u00e8me, dans une bo\u00eete en aluminium.\n<\/p>\n<\/div>\n<\/div>\n<div class=\"text\">\n<h2 class=\"section-title\">\nQUE CONTIENNENT-ILS ?<br \/>\n<\/h2>\n<div class=\"description\">\n<p>\n<b>Bicarbonate de soude:<\/b> emp\u00eache le d\u00e9veloppement des bact\u00e9ries responsables de l\u2019odeur d\u00e9sagr\u00e9able de transpiration.\n<\/p>\n<p>\n<b>Extrait d\u2019arrow-root:<\/b> \u00e9vacue l\u2019exc\u00e9dent d\u2019humidit\u00e9 pour un effet au sec des plus agr\u00e9ables.\n<\/p>\n<p>\nLes glandes sudoripares ne sont pas obstru\u00e9es comme c\u2019est le cas avec les d\u00e9odorants contenant de l\u2019aluminium tandis que l\u2019humidit\u00e9 est absorb\u00e9e et les mauvaises odeurs neutralis\u00e9es. Avec des ingr\u00e9dients purement naturels. Pas de composants nocifs qui s\u2019accumulent dans l\u2019organisme ou dans la nature.\n<\/p>\n<\/div>\n<\/div>\n<p><\/p>","protected":false},"excerpt":{"rendered":"<p>BEN &#038; ANNA : produits naturels, v\u00e9gans et sans sels d\u2019aluminium Ben &#038; Anna ont d\u00e9velopp\u00e9 une gamme de d\u00e9odorants \u00e0 partir d\u2019ingr\u00e9dients exclusivement naturels et v\u00e9gans,\u00a0tout en conservant l\u2019efficacit\u00e9\u00a0d\u2019un d\u00e9odorant conventionnel et\u00a0sa facilit\u00e9\u00a0d\u2019utilisation. Le stick compact est tr\u00e8s facile \u00e0 utiliser. No plastic. Nos d\u00e9odorants sont disponibles dans un tube en carton ou, sous [&hellip;]<\/p>\n","protected":false},"author":15,"featured_media":0,"parent":0,"menu_order":0,"comment_status":"closed","ping_status":"closed","template":"home-template.php","meta":{"_acf_changed":false,"footnotes":""},"class_list":["post-1430","page","type-page","status-publish","hentry"],"acf":[],"_links":{"self":[{"href":"https:\/\/benanna.ch\/fr\/wp-json\/wp\/v2\/pages\/1430","targetHints":{"allow":["GET"]}}],"collection":[{"href":"https:\/\/benanna.ch\/fr\/wp-json\/wp\/v2\/pages"}],"about":[{"href":"https:\/\/benanna.ch\/fr\/wp-json\/wp\/v2\/types\/page"}],"author":[{"embeddable":true,"href":"https:\/\/benanna.ch\/fr\/wp-json\/wp\/v2\/users\/15"}],"replies":[{"embeddable":true,"href":"https:\/\/benanna.ch\/fr\/wp-json\/wp\/v2\/comments?post=1430"}],"version-history":[{"count":29,"href":"https:\/\/benanna.ch\/fr\/wp-json\/wp\/v2\/pages\/1430\/revisions"}],"predecessor-version":[{"id":134786,"href":"https:\/\/benanna.ch\/fr\/wp-json\/wp\/v2\/pages\/1430\/revisions\/134786"}],"wp:attachment":[{"href":"https:\/\/benanna.ch\/fr\/wp-json\/wp\/v2\/media?parent=1430"}],"curies":[{"name":"wp","href":"https:\/\/api.w.org\/{rel}","templated":true}]}}