{"id":1407,"date":"2022-02-04T13:45:55","date_gmt":"2022-02-04T13:45:55","guid":{"rendered":"https:\/\/benanna.ch\/?page_id=1407"},"modified":"2025-08-24T18:50:39","modified_gmt":"2025-08-24T18:50:39","slug":"zahnpflege","status":"publish","type":"page","link":"https:\/\/benanna.ch\/fr\/zahnpflege\/","title":{"rendered":"Des produits de soin dentaire naturels et sans produits chimiques"},"content":{"rendered":"<p>Le grand succ\u00e8s de notre gamme de d\u00e9odorants nous a servi de source d\u2019inspiration. Nous souhaitons d\u00e9sormais am\u00e9liorer un autre aspect important de la vie quotidienne : les soins dentaires. Notre recherche de produits de soin dentaire sains, durables et efficaces, d\u00e9pourvus d\u2019ingr\u00e9dients nocifs, s\u2019est montr\u00e9e vaine. Nous avons donc rencontr\u00e9 des experts qualifi\u00e9s et d\u00e9velopp\u00e9 notre propre gamme de soins dentaires \u00e9cologiques et v\u00e9g\u00e9taliens.<br \/>\nDes soins dentaires 100% naturels, avec emballage \u00e9cologique, non test\u00e9s sur les animaux. Commencez chaque journ\u00e9e avec le sourire et le sentiment que vous vous faites du bien tout en faisant du bien \u00e0 l\u2019environnement. Pour une haleine fra\u00eeche et des dents propres !<\/p>","protected":false},"excerpt":{"rendered":"<p>Le grand succ\u00e8s de notre gamme de d\u00e9odorants nous a servi de source d\u2019inspiration. Nous souhaitons d\u00e9sormais am\u00e9liorer un autre aspect important de la vie quotidienne : les soins dentaires. Notre recherche de produits de soin dentaire sains, durables et efficaces, d\u00e9pourvus d\u2019ingr\u00e9dients nocifs, s\u2019est montr\u00e9e vaine. Nous avons donc rencontr\u00e9 des experts qualifi\u00e9s et [&hellip;]<\/p>\n","protected":false},"author":15,"featured_media":0,"parent":0,"menu_order":0,"comment_status":"closed","ping_status":"closed","template":"chemie-template.php","meta":{"_acf_changed":false,"footnotes":""},"class_list":["post-1407","page","type-page","status-publish","hentry"],"acf":[],"_links":{"self":[{"href":"https:\/\/benanna.ch\/fr\/wp-json\/wp\/v2\/pages\/1407","targetHints":{"allow":["GET"]}}],"collection":[{"href":"https:\/\/benanna.ch\/fr\/wp-json\/wp\/v2\/pages"}],"about":[{"href":"https:\/\/benanna.ch\/fr\/wp-json\/wp\/v2\/types\/page"}],"author":[{"embeddable":true,"href":"https:\/\/benanna.ch\/fr\/wp-json\/wp\/v2\/users\/15"}],"replies":[{"embeddable":true,"href":"https:\/\/benanna.ch\/fr\/wp-json\/wp\/v2\/comments?post=1407"}],"version-history":[{"count":13,"href":"https:\/\/benanna.ch\/fr\/wp-json\/wp\/v2\/pages\/1407\/revisions"}],"predecessor-version":[{"id":57495,"href":"https:\/\/benanna.ch\/fr\/wp-json\/wp\/v2\/pages\/1407\/revisions\/57495"}],"wp:attachment":[{"href":"https:\/\/benanna.ch\/fr\/wp-json\/wp\/v2\/media?parent=1407"}],"curies":[{"name":"wp","href":"https:\/\/api.w.org\/{rel}","templated":true}]}}