{"id":1096,"date":"2020-07-16T09:34:08","date_gmt":"2020-07-16T09:34:08","guid":{"rendered":"https:\/\/benanna.ch\/?page_id=1096"},"modified":"2025-09-09T14:04:38","modified_gmt":"2025-09-09T14:04:38","slug":"deodorant","status":"publish","type":"page","link":"https:\/\/benanna.ch\/fr\/deodorant\/","title":{"rendered":"D\u00e9odorant peaux sensibles"},"content":{"rendered":"<p>Vous avez une peau sensible et vous cherchez une alternative plus douce \u00e0 nos d\u00e9odorants classiques ? Nous avons trouv\u00e9 la solution pour vous ! La version pour peaux sensibles est d\u00e9pourvue de bicarbonate de soude, sans pour autant sacrifier l&rsquo;efficacit\u00e9 prouv\u00e9e de nos d\u00e9odorants. Qu&rsquo;y a-t-il dedans\u00a0? Le zinc naturel provenant de l&rsquo;huile de ricin et le chlorure de magn\u00e9sium naturel ont un effet d\u00e9sodorisant, sans bloquer les glandes sudoripares. Le beurre de karit\u00e9 nourrit, garantit une application agr\u00e9able et prot\u00e8ge la peau des irritations.<br \/>\nV\u00c9GAN &#8211; SANS GLUTEN &#8211; SANS ALUMINIUM<\/p>","protected":false},"excerpt":{"rendered":"<p>Vous avez une peau sensible et vous cherchez une alternative plus douce \u00e0 nos d\u00e9odorants classiques ? Nous avons trouv\u00e9 la solution pour vous ! La version pour peaux sensibles est d\u00e9pourvue de bicarbonate de soude, sans pour autant sacrifier l&rsquo;efficacit\u00e9 prouv\u00e9e de nos d\u00e9odorants. Qu&rsquo;y a-t-il dedans\u00a0? Le zinc naturel provenant de l&rsquo;huile de [&hellip;]<\/p>\n","protected":false},"author":15,"featured_media":0,"parent":0,"menu_order":0,"comment_status":"closed","ping_status":"closed","template":"chemie-template.php","meta":{"_acf_changed":false,"footnotes":""},"class_list":["post-1096","page","type-page","status-publish","hentry"],"acf":[],"_links":{"self":[{"href":"https:\/\/benanna.ch\/fr\/wp-json\/wp\/v2\/pages\/1096","targetHints":{"allow":["GET"]}}],"collection":[{"href":"https:\/\/benanna.ch\/fr\/wp-json\/wp\/v2\/pages"}],"about":[{"href":"https:\/\/benanna.ch\/fr\/wp-json\/wp\/v2\/types\/page"}],"author":[{"embeddable":true,"href":"https:\/\/benanna.ch\/fr\/wp-json\/wp\/v2\/users\/15"}],"replies":[{"embeddable":true,"href":"https:\/\/benanna.ch\/fr\/wp-json\/wp\/v2\/comments?post=1096"}],"version-history":[{"count":18,"href":"https:\/\/benanna.ch\/fr\/wp-json\/wp\/v2\/pages\/1096\/revisions"}],"predecessor-version":[{"id":61755,"href":"https:\/\/benanna.ch\/fr\/wp-json\/wp\/v2\/pages\/1096\/revisions\/61755"}],"wp:attachment":[{"href":"https:\/\/benanna.ch\/fr\/wp-json\/wp\/v2\/media?parent=1096"}],"curies":[{"name":"wp","href":"https:\/\/api.w.org\/{rel}","templated":true}]}}